{"id":891,"date":"2016-06-06T16:08:04","date_gmt":"2016-06-06T16:08:04","guid":{"rendered":"http:\/\/qt.dev\/dev\/thecleaner\/?page_id=891"},"modified":"2023-02-24T18:29:36","modified_gmt":"2023-02-24T18:29:36","slug":"contact-us","status":"publish","type":"page","link":"https:\/\/beeclean.al\/en\/kontakt\/","title":{"rendered":"Contact"},"content":{"rendered":"<section class=\"wpb-content-wrapper\"><div class=\"vc_row wpb_row vc_row-fluid vc_custom_1676382686894 vc_column-gap-15\"><div class=\"wpb_animate_when_almost_visible wpb_fadeIn fadeIn wpb_column vc_column_container vc_col-sm-6\"><div class=\"vc_column-inner\"><div class=\"wpb_wrapper\">\n\t<div class=\"wpb_text_column wpb_content_element  vc_custom_1677250143831\" >\n\t\t<div class=\"wpb_wrapper\">\n\t\t\t<h2>Send a Message<\/h2>\n<p>Feel free to get in touch by phone or through the contact form below. Your message will be send directly to our staff who will answer as soon as they can.<\/p>\n\n\t\t<\/div>\n\t<\/div>\n\n<div class=\"wpcf7 no-js\" id=\"wpcf7-f1649-o1\" lang=\"en-US\" dir=\"ltr\" data-wpcf7-id=\"1649\">\n<div class=\"screen-reader-response\"><p role=\"status\" aria-live=\"polite\" aria-atomic=\"true\"><\/p> <ul><\/ul><\/div>\n<form action=\"\/en\/wp-json\/wp\/v2\/pages\/891#wpcf7-f1649-o1\" method=\"post\" class=\"wpcf7-form init\" aria-label=\"Contact form\" novalidate=\"novalidate\" data-status=\"init\" data-trp-original-action=\"\/en\/wp-json\/wp\/v2\/pages\/891#wpcf7-f1649-o1\">\n<fieldset class=\"hidden-fields-container\"><input type=\"hidden\" name=\"_wpcf7\" value=\"1649\" \/><input type=\"hidden\" name=\"_wpcf7_version\" value=\"6.1.5\" \/><input type=\"hidden\" name=\"_wpcf7_locale\" value=\"en_US\" \/><input type=\"hidden\" name=\"_wpcf7_unit_tag\" value=\"wpcf7-f1649-o1\" \/><input type=\"hidden\" name=\"_wpcf7_container_post\" value=\"0\" \/><input type=\"hidden\" name=\"_wpcf7_posted_data_hash\" value=\"\" \/><input type=\"hidden\" name=\"_wpcf7_recaptcha_response\" value=\"\" \/>\n<\/fieldset>\n<div class=\"row\">\n\t<div class=\"col-sm-12 col-lg-6\">\n\t\t<p>Your Name (required)<br \/>\n<span class=\"wpcf7-form-control-wrap\" data-name=\"your-name\"><input size=\"40\" maxlength=\"400\" class=\"wpcf7-form-control wpcf7-text wpcf7-validates-as-required\" aria-required=\"true\" aria-invalid=\"false\" placeholder=\"Full name\" value=\"\" type=\"text\" name=\"your-name\" \/><\/span>\n\t\t<\/p>\n\t<\/div>\n\t<div class=\"col-sm-12 col-lg-6\">\n\t\t<p>Email Address (required)<br \/>\n<span class=\"wpcf7-form-control-wrap\" data-name=\"your-email\"><input size=\"40\" maxlength=\"400\" class=\"wpcf7-form-control wpcf7-email wpcf7-validates-as-required wpcf7-text wpcf7-validates-as-email\" aria-required=\"true\" aria-invalid=\"false\" placeholder=\"johndoe@domain.com\" value=\"\" type=\"email\" name=\"your-email\" \/><\/span>\n\t\t<\/p>\n\t<\/div>\n\t<div class=\"col-sm-12 col-lg-6\">\n\t\t<p>Phone Number (required)<br \/>\n<span class=\"wpcf7-form-control-wrap\" data-name=\"phone-number\"><input size=\"40\" maxlength=\"400\" class=\"wpcf7-form-control wpcf7-tel wpcf7-text wpcf7-validates-as-tel\" aria-invalid=\"false\" placeholder=\"+xxx xx xx xxxx\" value=\"\" type=\"tel\" name=\"phone-number\" \/><\/span>\n\t\t<\/p>\n\t<\/div>\n\t<div class=\"col-sm-12 col-lg-6\">\n\t\t<p>The Subject<br \/>\n<span class=\"wpcf7-form-control-wrap\" data-name=\"your-subject\"><input size=\"40\" maxlength=\"400\" class=\"wpcf7-form-control wpcf7-text\" aria-invalid=\"false\" value=\"\" type=\"text\" name=\"your-subject\" \/><\/span>\n\t\t<\/p>\n\t<\/div>\n\t<div class=\"col-sm-12\">\n\t\t<p>Write your message<br \/>\n<span class=\"wpcf7-form-control-wrap\" data-name=\"your-message\"><textarea cols=\"40\" rows=\"10\" maxlength=\"2000\" class=\"wpcf7-form-control wpcf7-textarea wpcf7-validates-as-required\" aria-required=\"true\" aria-invalid=\"false\" placeholder=\"Type your inquiries...\" name=\"your-message\"><\/textarea><\/span><input class=\"wpcf7-form-control wpcf7-submit has-spinner btn btn-primary\" type=\"submit\" value=\"Submit Form\" \/>\n\t\t<\/p>\n\t<\/div>\n<\/div><div class=\"wpcf7-response-output\" aria-hidden=\"true\"><\/div>\n<input type=\"hidden\" name=\"trp-form-language\" value=\"en\"\/><\/form>\n<\/div>\n<\/div><\/div><\/div><div class=\"wpb_animate_when_almost_visible wpb_fadeIn fadeIn wpb_column vc_column_container vc_col-sm-6\"><div class=\"vc_column-inner\"><div class=\"wpb_wrapper\">\n\t<div class=\"wpb_text_column wpb_content_element  vc_custom_1677250227534\" >\n\t\t<div class=\"wpb_wrapper\">\n\t\t\t<h2>Our Location<\/h2>\n\n\t\t<\/div>\n\t<\/div>\n\n\t<div class=\"wpb_raw_code wpb_content_element wpb_raw_html\" >\n\t\t<div class=\"wpb_wrapper\">\n\t\t\t<iframe src=\"https:\/\/www.google.com\/maps\/embed?pb=!1m18!1m12!1m3!1d3696.162240045276!2d19.80405482277056!3d41.316271950948995!2m3!1f0!2f0!3f0!3m2!1i1024!2i768!4f13.1!3m3!1m2!1s0x1350316833085fcf%3A0xdc1976635dd885b2!2sKompani%20Pastrimi%20Bee%20Clean!5e0!3m2!1sen!2s!4v1675961606716!5m2!1sen!2s\" width=\"600\" height=\"450\" style=\"border:0;\" allowfullscreen=\"\" loading=\"lazy\" referrerpolicy=\"no-referrer-when-downgrade height=250px width=550px\"><\/iframe>\n\t\t<\/div>\n\t<\/div>\n<div class=\"vc_row wpb_row vc_inner vc_row-fluid vc_row-o-equal-height vc_row-flex\"><div class=\"wpb_column vc_column_container vc_col-sm-6 vc_col-lg-6 vc_col-md-6 vc_col-xs-12\"><div class=\"vc_column-inner vc_custom_1506016977818\"><div class=\"wpb_wrapper\">\n\t<div class=\"wpb_text_column wpb_content_element\" >\n\t\t<div class=\"wpb_wrapper\">\n\t\t\t<h3>Our Address<\/h3>\n<p>Rruga Tish Dahia, Tirana 1060, Albania<\/p>\n\n\t\t<\/div>\n\t<\/div>\n\n<div class=\"social-media clearfix\">\n\t\n\t\n\t\n\t\t\t<a href=\"https:\/\/instagram.com\/beeclean.al\" aria-label=\"Instagram\" >\n\t\t\t<i class=\"fab fa-instagram\"><\/i><\/a>\n\t\n\t\n\t\n\t\t\t<a href=\"https:\/\/wa.me\/+35569990099\" aria-label=\"WhatsApp\" >\n\t\t\t<i class=\"fab fa-whatsapp\"><\/i><\/a>\n\t\n\t\n\t\n\t\n\t\n\t\n\t\n\t\n\t<\/div><\/div><\/div><\/div><div class=\"wpb_column vc_column_container vc_col-sm-6 vc_col-lg-6 vc_col-md-6 vc_col-xs-12\"><div class=\"vc_column-inner\"><div class=\"wpb_wrapper\">\n\t<div class=\"wpb_text_column wpb_content_element\" >\n\t\t<div class=\"wpb_wrapper\">\n\t\t\t<h3>Contact Details<\/h3>\n<p>+ (355) 69 99 90 099<\/p>\n<p><a href=\"mailto:info@beeclean.al\">info@beeclean.al<\/a><\/p>\n\n\t\t<\/div>\n\t<\/div>\n<\/div><\/div><\/div><\/div><\/div><\/div><\/div><\/div>\n<\/section>","protected":false},"excerpt":{"rendered":"<p>\t\t\t\t\t\tNeed to get in touch for cleaning services or questions? Contact us today by phone or email. We&#8217;re here to help!<\/p>","protected":false},"author":1,"featured_media":13617,"parent":0,"menu_order":0,"comment_status":"closed","ping_status":"closed","template":"","meta":{"inline_featured_image":false,"footnotes":""},"class_list":["post-891","page","type-page","status-publish","has-post-thumbnail","hentry"],"yoast_head":"<!-- This site is optimized with the Yoast SEO plugin v27.2 - https:\/\/yoast.com\/product\/yoast-seo-wordpress\/ -->\n<title>Kontaktoni n\u00eb numrat e telefonit - Kompani Pastrimi BeeClean<\/title>\n<meta name=\"description\" content=\"Keni nevoj\u00eb t\u00eb kontaktoni p\u00ebr sh\u00ebrbime apo pyetje pastrimi? Na kontaktoni sot me telefon ose email. +355699990099 | info@beeclean.al\" \/>\n<meta name=\"robots\" content=\"index, follow, max-snippet:-1, max-image-preview:large, max-video-preview:-1\" \/>\n<link rel=\"canonical\" href=\"https:\/\/beeclean.al\/en\/kontakt\/\" \/>\n<meta property=\"og:locale\" content=\"en_GB\" \/>\n<meta property=\"og:type\" content=\"article\" \/>\n<meta property=\"og:title\" content=\"Kontaktoni n\u00eb numrat e telefonit - Kompani Pastrimi BeeClean\" \/>\n<meta property=\"og:description\" content=\"Keni nevoj\u00eb t\u00eb kontaktoni p\u00ebr sh\u00ebrbime apo pyetje pastrimi? Na kontaktoni sot me telefon ose email. +355699990099 | info@beeclean.al\" \/>\n<meta property=\"og:url\" content=\"https:\/\/beeclean.al\/en\/kontakt\/\" \/>\n<meta property=\"og:site_name\" content=\"Bee Clean\" \/>\n<meta property=\"article:modified_time\" content=\"2023-02-24T18:29:36+00:00\" \/>\n<meta property=\"og:image\" content=\"https:\/\/beeclean.al\/wp-content\/uploads\/2023\/02\/Beeclean.jpg\" \/>\n\t<meta property=\"og:image:width\" content=\"768\" \/>\n\t<meta property=\"og:image:height\" content=\"1024\" \/>\n\t<meta property=\"og:image:type\" content=\"image\/jpeg\" \/>\n<meta name=\"twitter:card\" content=\"summary_large_image\" \/>\n<meta name=\"twitter:label1\" content=\"Estimated reading time\" \/>\n\t<meta name=\"twitter:data1\" content=\"1 minute\" \/>\n<script type=\"application\/ld+json\" class=\"yoast-schema-graph\">{\"@context\":\"https:\/\/schema.org\",\"@graph\":[{\"@type\":\"WebPage\",\"@id\":\"https:\/\/beeclean.al\/contact-us\/\",\"url\":\"https:\/\/beeclean.al\/contact-us\/\",\"name\":\"Kontaktoni n\u00eb numrat e telefonit - Kompani Pastrimi BeeClean\",\"isPartOf\":{\"@id\":\"https:\/\/beeclean.al\/#website\"},\"primaryImageOfPage\":{\"@id\":\"https:\/\/beeclean.al\/contact-us\/#primaryimage\"},\"image\":{\"@id\":\"https:\/\/beeclean.al\/contact-us\/#primaryimage\"},\"thumbnailUrl\":\"https:\/\/beeclean.al\/wp-content\/uploads\/2023\/02\/Beeclean.jpg\",\"datePublished\":\"2016-06-06T16:08:04+00:00\",\"dateModified\":\"2023-02-24T18:29:36+00:00\",\"description\":\"Keni nevoj\u00eb t\u00eb kontaktoni p\u00ebr sh\u00ebrbime apo pyetje pastrimi? Na kontaktoni sot me telefon ose email. +355699990099 | info@beeclean.al\",\"breadcrumb\":{\"@id\":\"https:\/\/beeclean.al\/contact-us\/#breadcrumb\"},\"inLanguage\":\"en-GB\",\"potentialAction\":[{\"@type\":\"ReadAction\",\"target\":[\"https:\/\/beeclean.al\/contact-us\/\"]}]},{\"@type\":\"ImageObject\",\"inLanguage\":\"en-GB\",\"@id\":\"https:\/\/beeclean.al\/contact-us\/#primaryimage\",\"url\":\"https:\/\/beeclean.al\/wp-content\/uploads\/2023\/02\/Beeclean.jpg\",\"contentUrl\":\"https:\/\/beeclean.al\/wp-content\/uploads\/2023\/02\/Beeclean.jpg\",\"width\":768,\"height\":1024,\"caption\":\"Kompani Pastrimi BeeClean\"},{\"@type\":\"BreadcrumbList\",\"@id\":\"https:\/\/beeclean.al\/contact-us\/#breadcrumb\",\"itemListElement\":[{\"@type\":\"ListItem\",\"position\":1,\"name\":\"Home\",\"item\":\"https:\/\/beeclean.al\/\"},{\"@type\":\"ListItem\",\"position\":2,\"name\":\"Kontakt\"}]},{\"@type\":\"WebSite\",\"@id\":\"https:\/\/beeclean.al\/#website\",\"url\":\"https:\/\/beeclean.al\/\",\"name\":\"BeeClean\",\"description\":\"A clean home, a clear mind - Let us handle the mess\",\"publisher\":{\"@id\":\"https:\/\/beeclean.al\/#organization\"},\"potentialAction\":[{\"@type\":\"SearchAction\",\"target\":{\"@type\":\"EntryPoint\",\"urlTemplate\":\"https:\/\/beeclean.al\/?s={search_term_string}\"},\"query-input\":{\"@type\":\"PropertyValueSpecification\",\"valueRequired\":true,\"valueName\":\"search_term_string\"}}],\"inLanguage\":\"en-GB\"},{\"@type\":\"Organization\",\"@id\":\"https:\/\/beeclean.al\/#organization\",\"name\":\"BeeClean\",\"url\":\"https:\/\/beeclean.al\/\",\"logo\":{\"@type\":\"ImageObject\",\"inLanguage\":\"en-GB\",\"@id\":\"https:\/\/beeclean.al\/#\/schema\/logo\/image\/\",\"url\":\"https:\/\/beeclean.al\/wp-content\/uploads\/2023\/01\/bee-clean-svg-01-4.svg\",\"contentUrl\":\"https:\/\/beeclean.al\/wp-content\/uploads\/2023\/01\/bee-clean-svg-01-4.svg\",\"width\":750,\"height\":323,\"caption\":\"BeeClean\"},\"image\":{\"@id\":\"https:\/\/beeclean.al\/#\/schema\/logo\/image\/\"}}]}<\/script>\n<!-- \/ Yoast SEO plugin. -->","yoast_head_json":{"title":"Get in Touch with Our Cleaning Experts Today | Bee Clean","description":"Need to get in touch for cleaning services or questions? Contact us today by phone or email. We're here to help!","robots":{"index":"index","follow":"follow","max-snippet":"max-snippet:-1","max-image-preview":"max-image-preview:large","max-video-preview":"max-video-preview:-1"},"canonical":"https:\/\/beeclean.al\/en\/kontakt\/","og_locale":"en_GB","og_type":"article","og_title":"Kontaktoni n\u00eb numrat e telefonit - Kompani Pastrimi BeeClean","og_description":"Keni nevoj\u00eb t\u00eb kontaktoni p\u00ebr sh\u00ebrbime apo pyetje pastrimi? Na kontaktoni sot me telefon ose email. +355699990099 | info@beeclean.al","og_url":"https:\/\/beeclean.al\/en\/kontakt\/","og_site_name":"Bee Clean","article_modified_time":"2023-02-24T18:29:36+00:00","og_image":[{"width":768,"height":1024,"url":"https:\/\/beeclean.al\/wp-content\/uploads\/2023\/02\/Beeclean.jpg","type":"image\/jpeg"}],"twitter_card":"summary_large_image","twitter_misc":{"Estimated reading time":"1 minute"},"schema":{"@context":"https:\/\/schema.org","@graph":[{"@type":"WebPage","@id":"https:\/\/beeclean.al\/contact-us\/","url":"https:\/\/beeclean.al\/contact-us\/","name":"Get in Touch with Our Cleaning Experts Today | Bee Clean","isPartOf":{"@id":"https:\/\/beeclean.al\/#website"},"primaryImageOfPage":{"@id":"https:\/\/beeclean.al\/contact-us\/#primaryimage"},"image":{"@id":"https:\/\/beeclean.al\/contact-us\/#primaryimage"},"thumbnailUrl":"https:\/\/beeclean.al\/wp-content\/uploads\/2023\/02\/Beeclean.jpg","datePublished":"2016-06-06T16:08:04+00:00","dateModified":"2023-02-24T18:29:36+00:00","description":"Need to get in touch for cleaning services or questions? Contact us today by phone or email. We're here to help!","breadcrumb":{"@id":"https:\/\/beeclean.al\/contact-us\/#breadcrumb"},"inLanguage":"en-GB","potentialAction":[{"@type":"ReadAction","target":["https:\/\/beeclean.al\/contact-us\/"]}]},{"@type":"ImageObject","inLanguage":"en-GB","@id":"https:\/\/beeclean.al\/contact-us\/#primaryimage","url":"https:\/\/beeclean.al\/wp-content\/uploads\/2023\/02\/Beeclean.jpg","contentUrl":"https:\/\/beeclean.al\/wp-content\/uploads\/2023\/02\/Beeclean.jpg","width":768,"height":1024,"caption":"Kompani Pastrimi BeeClean"},{"@type":"BreadcrumbList","@id":"https:\/\/beeclean.al\/contact-us\/#breadcrumb","itemListElement":[{"@type":"ListItem","position":1,"name":"Home","item":"https:\/\/beeclean.al\/"},{"@type":"ListItem","position":2,"name":"Kontakt"}]},{"@type":"WebSite","@id":"https:\/\/beeclean.al\/#website","url":"https:\/\/beeclean.al\/","name":"BeeClean","description":"A clean home, a clear mind - Let us handle the mess","publisher":{"@id":"https:\/\/beeclean.al\/#organization"},"potentialAction":[{"@type":"SearchAction","target":{"@type":"EntryPoint","urlTemplate":"https:\/\/beeclean.al\/?s={search_term_string}"},"query-input":{"@type":"PropertyValueSpecification","valueRequired":true,"valueName":"search_term_string"}}],"inLanguage":"en-GB"},{"@type":"Organization","@id":"https:\/\/beeclean.al\/#organization","name":"BeeClean","url":"https:\/\/beeclean.al\/","logo":{"@type":"ImageObject","inLanguage":"en-GB","@id":"https:\/\/beeclean.al\/#\/schema\/logo\/image\/","url":"https:\/\/beeclean.al\/wp-content\/uploads\/2023\/01\/bee-clean-svg-01-4.svg","contentUrl":"https:\/\/beeclean.al\/wp-content\/uploads\/2023\/01\/bee-clean-svg-01-4.svg","width":750,"height":323,"caption":"BeeClean"},"image":{"@id":"https:\/\/beeclean.al\/#\/schema\/logo\/image\/"}}]}},"_hostinger_reach_plugin_has_subscription_block":false,"_hostinger_reach_plugin_is_elementor":false,"_links":{"self":[{"href":"https:\/\/beeclean.al\/en\/wp-json\/wp\/v2\/pages\/891","targetHints":{"allow":["GET"]}}],"collection":[{"href":"https:\/\/beeclean.al\/en\/wp-json\/wp\/v2\/pages"}],"about":[{"href":"https:\/\/beeclean.al\/en\/wp-json\/wp\/v2\/types\/page"}],"author":[{"embeddable":true,"href":"https:\/\/beeclean.al\/en\/wp-json\/wp\/v2\/users\/1"}],"replies":[{"embeddable":true,"href":"https:\/\/beeclean.al\/en\/wp-json\/wp\/v2\/comments?post=891"}],"version-history":[{"count":0,"href":"https:\/\/beeclean.al\/en\/wp-json\/wp\/v2\/pages\/891\/revisions"}],"wp:featuredmedia":[{"embeddable":true,"href":"https:\/\/beeclean.al\/en\/wp-json\/wp\/v2\/media\/13617"}],"wp:attachment":[{"href":"https:\/\/beeclean.al\/en\/wp-json\/wp\/v2\/media?parent=891"}],"curies":[{"name":"wp","href":"https:\/\/api.w.org\/{rel}","templated":true}]}}