{"id":815,"date":"2016-06-02T19:55:48","date_gmt":"2016-06-02T19:55:48","guid":{"rendered":"http:\/\/qt.dev\/dev\/thecleaner\/?page_id=815"},"modified":"2023-02-24T16:22:25","modified_gmt":"2023-02-24T16:22:25","slug":"pastrim-xhamash","status":"publish","type":"page","link":"https:\/\/beeclean.al\/en\/window-cleaning\/","title":{"rendered":"Window Cleaning"},"content":{"rendered":"<section class=\"wpb-content-wrapper\"><div class=\"vc_row wpb_row vc_row-fluid vc_custom_1536592471393\"><div class=\"wpb_column vc_column_container vc_col-sm-6\"><div class=\"vc_column-inner\"><div class=\"wpb_wrapper\">\n\t<div class=\"wpb_text_column wpb_content_element  vc_custom_1677255570895\" >\n\t\t<div class=\"wpb_wrapper\">\n\t\t\t<h2>Pastrim Xhamash dhe pastrim i fasadave t\u00eb larta<\/h2>\n<p>Sh\u00ebrbimet e pastrimit t\u00eb dritareve ofrojn\u00eb nj\u00eb pastrim dhe mir\u00ebmbajtje t\u00eb plot\u00eb t\u00eb xhamave p\u00ebr t\u00eb ruajtur nj\u00eb pamje t\u00eb qart\u00eb dhe t\u00ebrheq\u00ebse. Sigurohemi q\u00eb t\u00eb kryhet larja e jashtme dhe e brendshme e dritareve ; pastrimi i kornizave dhe heqja e vijave, njollave apo papast\u00ebrtive t\u00eb tjera. Sh\u00ebrbimet e pastrimit t\u00eb dritareve mund t\u00eb kryhen rregullisht ose si pastrim i thell\u00eb nj\u00eb her\u00eb, n\u00eb var\u00ebsi t\u00eb nevojave t\u00eb k\u00ebrkes\u00ebs.<\/p>\n<p>Ne ofrojm\u00eb gjithashtu pastrim t\u00eb plot\u00eb p\u00ebr fasadat e nd\u00ebrtesave e larta. N\u00ebse keni nevoj\u00eb p\u00ebr sh\u00ebrbim t\u00eb pastrimit t\u00eb dritareve t\u00eb larta, ju lutemi na kontaktoni p\u00ebr t\u00eb diskutuar detaje t\u00eb m\u00ebtejshme.<\/p>\n\n\t\t<\/div>\n\t<\/div>\n\n\t<div class=\"wpb_text_column wpb_content_element \" >\n\t\t<div class=\"wpb_wrapper\">\n\t\t\t<p><strong><span style=\"color: #00adbf;\">[icon type=&#8221;fas fa-check&#8221;]<\/span> Pastrim Xhamash<\/strong><\/p>\n<p>Mbajtja e dritareve tuaja t\u00eb pastra dhe transparente.<\/p>\n<p><strong><span style=\"color: #00adbf;\">[icon type=&#8221;fas fa-check&#8221;]\u00a0<\/span> Pastrim i fasadave te xhamit me lart\u00ebsi<\/strong><br \/>\nN\u00ebse zot\u00ebroni nj\u00eb nd\u00ebrtes\u00eb banimi ose komerciale me shum\u00eb kate dhe keni nevoj\u00eb p\u00ebr pastrimin e dritareve t\u00eb larta t\u00eb fasad\u00ebs s\u00eb dritareve t\u00eb nd\u00ebrtes\u00ebs suaj, ju mbulojm\u00eb ne. Ofrojm\u00eb pastrim xhamash n\u00eb lart\u00ebsi.<\/p>\n\n\t\t<\/div>\n\t<\/div>\n<\/div><\/div><\/div><div class=\"wpb_column vc_column_container vc_col-sm-6\"><div class=\"vc_column-inner\"><div class=\"wpb_wrapper\">\n\t<div  class=\"wpb_single_image wpb_content_element vc_align_left\">\n\t\t\n\t\t<figure class=\"wpb_wrapper vc_figure\">\n\t\t\t<div class=\"vc_single_image-wrapper   vc_box_border_grey\"><\/div>\n\t\t<\/figure>\n\t<\/div>\n\n\t<div  class=\"wpb_single_image wpb_content_element vc_align_left\">\n\t\t\n\t\t<figure class=\"wpb_wrapper vc_figure\">\n\t\t\t<div class=\"vc_single_image-wrapper   vc_box_border_grey\"><\/div>\n\t\t<\/figure>\n\t<\/div>\n<\/div><\/div><\/div><\/div><div class=\"vc_row wpb_row vc_row-fluid vc_custom_1536592483366\"><div class=\"wpb_column vc_column_container vc_col-sm-12\"><div class=\"vc_column-inner\"><div class=\"wpb_wrapper\">\n\t<div  class=\"wpb_single_image wpb_content_element vc_align_left  vc_custom_1536592480339\">\n\t\t\n\t\t<figure class=\"wpb_wrapper vc_figure\">\n\t\t\t<div class=\"vc_single_image-wrapper   vc_box_border_grey\"><\/div>\n\t\t<\/figure>\n\t<\/div>\n<\/div><\/div><\/div><\/div><div class=\"vc_row wpb_row vc_row-fluid\"><div class=\"wpb_column vc_column_container vc_col-sm-12\"><div class=\"vc_column-inner\"><div class=\"wpb_wrapper\">\n\t<div class=\"wpb_text_column wpb_content_element  vc_custom_1677255255846\" >\n\t\t<div class=\"wpb_wrapper\">\n\t\t\t<h2>K\u00ebrko nj\u00eb Telefonat\u00eb<\/h2>\n\n\t\t<\/div>\n\t<\/div>\n<\/div><\/div><\/div><\/div><div class=\"vc_row wpb_row vc_row-fluid vc_custom_1536592487559 vc_row-has-fill\"><div class=\"wpb_column vc_column_container vc_col-sm-12\"><div class=\"vc_column-inner vc_custom_1494255877376\"><div class=\"wpb_wrapper\">\n<div class=\"wpcf7 no-js\" id=\"wpcf7-f1650-o1\" lang=\"en-US\" dir=\"ltr\" data-wpcf7-id=\"1650\">\n<div class=\"screen-reader-response\"><p role=\"status\" aria-live=\"polite\" aria-atomic=\"true\"><\/p> <ul><\/ul><\/div>\n<form action=\"\/en\/wp-json\/wp\/v2\/pages\/815#wpcf7-f1650-o1\" method=\"post\" class=\"wpcf7-form init\" aria-label=\"Contact form\" novalidate=\"novalidate\" data-status=\"init\">\n<fieldset class=\"hidden-fields-container\"><input type=\"hidden\" name=\"_wpcf7\" value=\"1650\" \/><input type=\"hidden\" name=\"_wpcf7_version\" value=\"6.1.5\" \/><input type=\"hidden\" name=\"_wpcf7_locale\" value=\"en_US\" \/><input type=\"hidden\" name=\"_wpcf7_unit_tag\" value=\"wpcf7-f1650-o1\" \/><input type=\"hidden\" name=\"_wpcf7_container_post\" value=\"0\" \/><input type=\"hidden\" name=\"_wpcf7_posted_data_hash\" value=\"\" \/><input type=\"hidden\" name=\"_wpcf7_recaptcha_response\" value=\"\" \/>\n<\/fieldset>\n<div class=\"call-back\">\n\t<div class=\"row\">\n\t\t<div class=\"col-sm-12 col-lg-6\">\n\t\t\t<p><span class=\"wpcf7-form-control-wrap\" data-name=\"your-name\"><input size=\"40\" maxlength=\"400\" class=\"wpcf7-form-control wpcf7-text wpcf7-validates-as-required\" aria-required=\"true\" aria-invalid=\"false\" placeholder=\"Emri\" value=\"\" type=\"text\" name=\"your-name\" \/><\/span>\n\t\t\t<\/p>\n\t\t<\/div>\n\t\t<div class=\"col-sm-12 col-lg-6\">\n\t\t\t<p><span class=\"wpcf7-form-control-wrap\" data-name=\"services\"><select class=\"wpcf7-form-control wpcf7-select wpcf7-validates-as-required\" aria-required=\"true\" aria-invalid=\"false\" name=\"services\"><option value=\"Pastrim Sht\u00ebpie\/Apartamenti\">Pastrim Sht\u00ebpie\/Apartamenti<\/option><option value=\"Pastrim Zyrash\">Pastrim Zyrash<\/option><option value=\"Pastrim Hotelerie\">Pastrim Hotelerie<\/option><option value=\"Pastrime pas Rinovimeve\">Pastrime pas Rinovimeve<\/option><option value=\"Pastrim Magazinash\">Pastrim Magazinash<\/option><option value=\"Pastrim i Xhamave\">Pastrim i Xhamave<\/option><option value=\"Tjet\u00ebr..\">Tjet\u00ebr..<\/option><\/select><\/span>\n\t\t\t<\/p>\n\t\t<\/div>\n\t<\/div>\n\t<div class=\"row\">\n\t\t<div class=\"col-sm-12 col-lg-6\">\n\t\t\t<p><span class=\"wpcf7-form-control-wrap\" data-name=\"your-phone\"><input size=\"40\" maxlength=\"400\" class=\"wpcf7-form-control wpcf7-tel wpcf7-text wpcf7-validates-as-tel\" aria-invalid=\"false\" placeholder=\"Numri i Telefonit\" value=\"\" type=\"tel\" name=\"your-phone\" \/><\/span>\n\t\t\t<\/p>\n\t\t<\/div>\n\t\t<div class=\"col-sm-12 col-lg-6\">\n\t\t\t<p><input class=\"wpcf7-form-control wpcf7-submit has-spinner\" type=\"submit\" value=\"D\u00ebrgo\" \/>\n\t\t\t<\/p>\n\t\t<\/div>\n\t<\/div>\n<\/div><div class=\"wpcf7-response-output\" aria-hidden=\"true\"><\/div>\n<\/form>\n<\/div>\n<\/div><\/div><\/div><\/div>\n<\/section>","protected":false},"excerpt":{"rendered":"<p>\u00c7do nd\u00ebrtes\u00eb ose struktur\u00eb m\u00eb e lart\u00eb se dy kate k\u00ebrkon pastrim t\u00eb ve\u00e7ant\u00eb t\u00eb dritareve. Ne kemi mjetet e duhura per te mir\u00ebmbajtur fasadat e larta.<\/p>","protected":false},"author":1,"featured_media":13593,"parent":0,"menu_order":0,"comment_status":"closed","ping_status":"closed","template":"","meta":{"inline_featured_image":false,"footnotes":""},"class_list":["post-815","page","type-page","status-publish","has-post-thumbnail","hentry"],"yoast_head":"<!-- This site is optimized with the Yoast SEO plugin v27.2 - https:\/\/yoast.com\/product\/yoast-seo-wordpress\/ -->\n<title>Pastrim Xhamash dhe Fasadash | Pastrim Fasade n\u00eb Lart\u00ebsi<\/title>\n<meta name=\"description\" content=\"Pastrim xhamash dhe fasadash p\u00ebr bizneset dhe pronar\u00ebt e sht\u00ebpive q\u00eb t\u00eb mund t\u00eb shijojn\u00eb dritare t\u00eb pastra kristal\" \/>\n<meta name=\"robots\" content=\"index, follow, max-snippet:-1, max-image-preview:large, max-video-preview:-1\" \/>\n<link rel=\"canonical\" href=\"https:\/\/beeclean.al\/en\/window-cleaning\/\" \/>\n<meta property=\"og:locale\" content=\"en_GB\" \/>\n<meta property=\"og:type\" content=\"article\" \/>\n<meta property=\"og:title\" content=\"Pastrim Xhamash dhe Fasadash | Pastrim Fasade n\u00eb Lart\u00ebsi\" \/>\n<meta property=\"og:description\" content=\"Pastrim xhamash dhe fasadash p\u00ebr bizneset dhe pronar\u00ebt e sht\u00ebpive q\u00eb t\u00eb mund t\u00eb shijojn\u00eb dritare t\u00eb pastra kristal\" \/>\n<meta property=\"og:url\" content=\"https:\/\/beeclean.al\/en\/window-cleaning\/\" \/>\n<meta property=\"og:site_name\" content=\"Bee Clean\" \/>\n<meta property=\"article:modified_time\" content=\"2023-02-24T16:22:25+00:00\" \/>\n<meta property=\"og:image\" content=\"https:\/\/beeclean.al\/wp-content\/uploads\/2023\/02\/bee-04.webp\" \/>\n\t<meta property=\"og:image:width\" content=\"1024\" \/>\n\t<meta property=\"og:image:height\" content=\"512\" \/>\n\t<meta property=\"og:image:type\" content=\"image\/webp\" \/>\n<meta name=\"twitter:card\" content=\"summary_large_image\" \/>\n<meta name=\"twitter:label1\" content=\"Estimated reading time\" \/>\n\t<meta name=\"twitter:data1\" content=\"2 minutes\" \/>\n<script type=\"application\/ld+json\" class=\"yoast-schema-graph\">{\"@context\":\"https:\/\/schema.org\",\"@graph\":[{\"@type\":\"WebPage\",\"@id\":\"https:\/\/beeclean.al\/pastrim-xhamash\/\",\"url\":\"https:\/\/beeclean.al\/pastrim-xhamash\/\",\"name\":\"Pastrim Xhamash dhe Fasadash | Pastrim Fasade n\u00eb Lart\u00ebsi\",\"isPartOf\":{\"@id\":\"https:\/\/beeclean.al\/#website\"},\"primaryImageOfPage\":{\"@id\":\"https:\/\/beeclean.al\/pastrim-xhamash\/#primaryimage\"},\"image\":{\"@id\":\"https:\/\/beeclean.al\/pastrim-xhamash\/#primaryimage\"},\"thumbnailUrl\":\"https:\/\/beeclean.al\/wp-content\/uploads\/2023\/02\/bee-04.webp\",\"datePublished\":\"2016-06-02T19:55:48+00:00\",\"dateModified\":\"2023-02-24T16:22:25+00:00\",\"description\":\"Pastrim xhamash dhe fasadash p\u00ebr bizneset dhe pronar\u00ebt e sht\u00ebpive q\u00eb t\u00eb mund t\u00eb shijojn\u00eb dritare t\u00eb pastra kristal\",\"breadcrumb\":{\"@id\":\"https:\/\/beeclean.al\/pastrim-xhamash\/#breadcrumb\"},\"inLanguage\":\"en-GB\",\"potentialAction\":[{\"@type\":\"ReadAction\",\"target\":[\"https:\/\/beeclean.al\/pastrim-xhamash\/\"]}]},{\"@type\":\"ImageObject\",\"inLanguage\":\"en-GB\",\"@id\":\"https:\/\/beeclean.al\/pastrim-xhamash\/#primaryimage\",\"url\":\"https:\/\/beeclean.al\/wp-content\/uploads\/2023\/02\/bee-04.webp\",\"contentUrl\":\"https:\/\/beeclean.al\/wp-content\/uploads\/2023\/02\/bee-04.webp\",\"width\":1024,\"height\":512,\"caption\":\"Pastrim Xhamash\"},{\"@type\":\"BreadcrumbList\",\"@id\":\"https:\/\/beeclean.al\/pastrim-xhamash\/#breadcrumb\",\"itemListElement\":[{\"@type\":\"ListItem\",\"position\":1,\"name\":\"Home\",\"item\":\"https:\/\/beeclean.al\/\"},{\"@type\":\"ListItem\",\"position\":2,\"name\":\"Pastrim Xhamash\"}]},{\"@type\":\"WebSite\",\"@id\":\"https:\/\/beeclean.al\/#website\",\"url\":\"https:\/\/beeclean.al\/\",\"name\":\"BeeClean\",\"description\":\"A clean home, a clear mind - Let us handle the mess\",\"publisher\":{\"@id\":\"https:\/\/beeclean.al\/#organization\"},\"potentialAction\":[{\"@type\":\"SearchAction\",\"target\":{\"@type\":\"EntryPoint\",\"urlTemplate\":\"https:\/\/beeclean.al\/?s={search_term_string}\"},\"query-input\":{\"@type\":\"PropertyValueSpecification\",\"valueRequired\":true,\"valueName\":\"search_term_string\"}}],\"inLanguage\":\"en-GB\"},{\"@type\":\"Organization\",\"@id\":\"https:\/\/beeclean.al\/#organization\",\"name\":\"BeeClean\",\"url\":\"https:\/\/beeclean.al\/\",\"logo\":{\"@type\":\"ImageObject\",\"inLanguage\":\"en-GB\",\"@id\":\"https:\/\/beeclean.al\/#\/schema\/logo\/image\/\",\"url\":\"https:\/\/beeclean.al\/wp-content\/uploads\/2023\/01\/bee-clean-svg-01-4.svg\",\"contentUrl\":\"https:\/\/beeclean.al\/wp-content\/uploads\/2023\/01\/bee-clean-svg-01-4.svg\",\"width\":750,\"height\":323,\"caption\":\"BeeClean\"},\"image\":{\"@id\":\"https:\/\/beeclean.al\/#\/schema\/logo\/image\/\"}}]}<\/script>\n<!-- \/ Yoast SEO plugin. -->","yoast_head_json":{"title":"Windows Cleaning and High Rise Cleaning | Bee Clean","description":"By outsourcing window cleaning to us, businesses and homeowners can enjoy crystal clear windows without having to spend time and effort","robots":{"index":"index","follow":"follow","max-snippet":"max-snippet:-1","max-image-preview":"max-image-preview:large","max-video-preview":"max-video-preview:-1"},"canonical":"https:\/\/beeclean.al\/en\/window-cleaning\/","og_locale":"en_GB","og_type":"article","og_title":"Pastrim Xhamash dhe Fasadash | Pastrim Fasade n\u00eb Lart\u00ebsi","og_description":"Pastrim xhamash dhe fasadash p\u00ebr bizneset dhe pronar\u00ebt e sht\u00ebpive q\u00eb t\u00eb mund t\u00eb shijojn\u00eb dritare t\u00eb pastra kristal","og_url":"https:\/\/beeclean.al\/en\/window-cleaning\/","og_site_name":"Bee Clean","article_modified_time":"2023-02-24T16:22:25+00:00","og_image":[{"width":1024,"height":512,"url":"https:\/\/beeclean.al\/wp-content\/uploads\/2023\/02\/bee-04.webp","type":"image\/webp"}],"twitter_card":"summary_large_image","twitter_misc":{"Estimated reading time":"2 minutes"},"schema":{"@context":"https:\/\/schema.org","@graph":[{"@type":"WebPage","@id":"https:\/\/beeclean.al\/pastrim-xhamash\/","url":"https:\/\/beeclean.al\/pastrim-xhamash\/","name":"Windows Cleaning and High Rise Cleaning | Bee Clean","isPartOf":{"@id":"https:\/\/beeclean.al\/#website"},"primaryImageOfPage":{"@id":"https:\/\/beeclean.al\/pastrim-xhamash\/#primaryimage"},"image":{"@id":"https:\/\/beeclean.al\/pastrim-xhamash\/#primaryimage"},"thumbnailUrl":"https:\/\/beeclean.al\/wp-content\/uploads\/2023\/02\/bee-04.webp","datePublished":"2016-06-02T19:55:48+00:00","dateModified":"2023-02-24T16:22:25+00:00","description":"By outsourcing window cleaning to us, businesses and homeowners can enjoy crystal clear windows without having to spend time and effort","breadcrumb":{"@id":"https:\/\/beeclean.al\/pastrim-xhamash\/#breadcrumb"},"inLanguage":"en-GB","potentialAction":[{"@type":"ReadAction","target":["https:\/\/beeclean.al\/pastrim-xhamash\/"]}]},{"@type":"ImageObject","inLanguage":"en-GB","@id":"https:\/\/beeclean.al\/pastrim-xhamash\/#primaryimage","url":"https:\/\/beeclean.al\/wp-content\/uploads\/2023\/02\/bee-04.webp","contentUrl":"https:\/\/beeclean.al\/wp-content\/uploads\/2023\/02\/bee-04.webp","width":1024,"height":512,"caption":"Pastrim Xhamash"},{"@type":"BreadcrumbList","@id":"https:\/\/beeclean.al\/pastrim-xhamash\/#breadcrumb","itemListElement":[{"@type":"ListItem","position":1,"name":"Home","item":"https:\/\/beeclean.al\/"},{"@type":"ListItem","position":2,"name":"Pastrim Xhamash"}]},{"@type":"WebSite","@id":"https:\/\/beeclean.al\/#website","url":"https:\/\/beeclean.al\/","name":"BeeClean","description":"A clean home, a clear mind - Let us handle the mess","publisher":{"@id":"https:\/\/beeclean.al\/#organization"},"potentialAction":[{"@type":"SearchAction","target":{"@type":"EntryPoint","urlTemplate":"https:\/\/beeclean.al\/?s={search_term_string}"},"query-input":{"@type":"PropertyValueSpecification","valueRequired":true,"valueName":"search_term_string"}}],"inLanguage":"en-GB"},{"@type":"Organization","@id":"https:\/\/beeclean.al\/#organization","name":"BeeClean","url":"https:\/\/beeclean.al\/","logo":{"@type":"ImageObject","inLanguage":"en-GB","@id":"https:\/\/beeclean.al\/#\/schema\/logo\/image\/","url":"https:\/\/beeclean.al\/wp-content\/uploads\/2023\/01\/bee-clean-svg-01-4.svg","contentUrl":"https:\/\/beeclean.al\/wp-content\/uploads\/2023\/01\/bee-clean-svg-01-4.svg","width":750,"height":323,"caption":"BeeClean"},"image":{"@id":"https:\/\/beeclean.al\/#\/schema\/logo\/image\/"}}]}},"_hostinger_reach_plugin_has_subscription_block":false,"_hostinger_reach_plugin_is_elementor":false,"_links":{"self":[{"href":"https:\/\/beeclean.al\/en\/wp-json\/wp\/v2\/pages\/815","targetHints":{"allow":["GET"]}}],"collection":[{"href":"https:\/\/beeclean.al\/en\/wp-json\/wp\/v2\/pages"}],"about":[{"href":"https:\/\/beeclean.al\/en\/wp-json\/wp\/v2\/types\/page"}],"author":[{"embeddable":true,"href":"https:\/\/beeclean.al\/en\/wp-json\/wp\/v2\/users\/1"}],"replies":[{"embeddable":true,"href":"https:\/\/beeclean.al\/en\/wp-json\/wp\/v2\/comments?post=815"}],"version-history":[{"count":0,"href":"https:\/\/beeclean.al\/en\/wp-json\/wp\/v2\/pages\/815\/revisions"}],"wp:featuredmedia":[{"embeddable":true,"href":"https:\/\/beeclean.al\/en\/wp-json\/wp\/v2\/media\/13593"}],"wp:attachment":[{"href":"https:\/\/beeclean.al\/en\/wp-json\/wp\/v2\/media?parent=815"}],"curies":[{"name":"wp","href":"https:\/\/api.w.org\/{rel}","templated":true}]}}