{"id":804,"date":"2016-06-02T17:23:30","date_gmt":"2016-06-02T17:23:30","guid":{"rendered":"http:\/\/qt.dev\/dev\/thecleaner\/?page_id=804"},"modified":"2023-02-24T16:01:59","modified_gmt":"2023-02-24T16:01:59","slug":"pastrim-pas-rindertimit","status":"publish","type":"page","link":"https:\/\/beeclean.al\/en\/construction-cleaning\/","title":{"rendered":"Pastrim pas Rinovimeve"},"content":{"rendered":"<section class=\"wpb-content-wrapper\"><div class=\"vc_row wpb_row vc_row-fluid vc_custom_1536592365330\"><div class=\"wpb_column vc_column_container vc_col-sm-6\"><div class=\"vc_column-inner\"><div class=\"wpb_wrapper\">\n\t<div class=\"wpb_text_column wpb_content_element  vc_custom_1677254194432\" >\n\t\t<div class=\"wpb_wrapper\">\n\t\t\t<h2>Pastrimi p\u00ebrfundimtar pas rinovimeve dhe rind\u00ebrtimeve<\/h2>\n<p>N\u00eb rast se sapo keni mbaruar rind\u00ebrtimin apo rinovimin, qoft\u00eb te sht\u00ebpis\u00eb, zyr\u00ebs apo objekt tjet\u00ebr banimi\/tregtar, keni b\u00ebr\u00eb mjaftuesh\u00ebm. Na lejoni t\u00eb b\u00ebjm\u00eb heqjen e mbeturinave, pluhurit dhe papast\u00ebrtive nga sip\u00ebrfaqet, pastrimin e dritareve dhe mureve, si dhe fshirjen ose pastrimin e dyshemeve. \u00cbsht\u00eb e r\u00ebnd\u00ebsishme q\u00eb ky pastrim t\u00eb kryhet pas p\u00ebrfundimit t\u00eb punimeve t\u00eb nd\u00ebrtimit ose rinovimit, p\u00ebrpara se nd\u00ebrtesa t\u00eb banohet ose t\u00eb vihet n\u00eb p\u00ebrdorim.<\/p>\n\n\t\t<\/div>\n\t<\/div>\n\n\t<div class=\"wpb_text_column wpb_content_element \" >\n\t\t<div class=\"wpb_wrapper\">\n\t\t\t<p><strong><span style=\"color: #00adbf;\">[icon type=&#8221;fas fa-check&#8221;]<\/span>\u00a0 Pastrim para-nd\u00ebrtimit<\/strong><br \/>\nShum\u00eb objekte k\u00ebrkojn\u00eb pastrim sipas nj\u00eb standardi t\u00eb sigurt dhe higjienik p\u00ebrpara se t\u00eb fillojn\u00eb punimet e nd\u00ebrtimit<\/p>\n<p><strong><span style=\"color: #00adbf;\">[icon type=&#8221;fas fa-check&#8221;]\u00a0<\/span> Pastrim Nd\u00ebrtimi<\/strong><br \/>\nKy pastrim sh\u00ebrben p\u00ebr nxjerrjen e pluhurit dhe mbeturinave q\u00eb grumbullohen gjat\u00eb procesit t\u00eb nd\u00ebrtimit nga i gjith\u00eb kantieri.<\/p>\n\n\t\t<\/div>\n\t<\/div>\n<\/div><\/div><\/div><div class=\"wpb_column vc_column_container vc_col-sm-6\"><div class=\"vc_column-inner\"><div class=\"wpb_wrapper\">\n\t<div  class=\"wpb_single_image wpb_content_element vc_align_left\">\n\t\t\n\t\t<figure class=\"wpb_wrapper vc_figure\">\n\t\t\t<div class=\"vc_single_image-wrapper   vc_box_border_grey\"><\/div>\n\t\t<\/figure>\n\t<\/div>\n\n\t<div  class=\"wpb_single_image wpb_content_element vc_align_left\">\n\t\t\n\t\t<figure class=\"wpb_wrapper vc_figure\">\n\t\t\t<div class=\"vc_single_image-wrapper   vc_box_border_grey\"><\/div>\n\t\t<\/figure>\n\t<\/div>\n<\/div><\/div><\/div><\/div><div class=\"vc_row wpb_row vc_row-fluid vc_custom_1536592410316\"><div class=\"wpb_column vc_column_container vc_col-sm-12\"><div class=\"vc_column-inner\"><div class=\"wpb_wrapper\">\n\t<div  class=\"wpb_single_image wpb_content_element vc_align_left  vc_custom_1536592405460\">\n\t\t\n\t\t<figure class=\"wpb_wrapper vc_figure\">\n\t\t\t<div class=\"vc_single_image-wrapper   vc_box_border_grey\"><\/div>\n\t\t<\/figure>\n\t<\/div>\n<\/div><\/div><\/div><\/div><div class=\"vc_row wpb_row vc_row-fluid\"><div class=\"wpb_column vc_column_container vc_col-sm-12\"><div class=\"vc_column-inner\"><div class=\"wpb_wrapper\">\n\t<div class=\"wpb_text_column wpb_content_element  vc_custom_1533758468847\" >\n\t\t<div class=\"wpb_wrapper\">\n\t\t\t<h2>Request a Call Back<\/h2>\n\n\t\t<\/div>\n\t<\/div>\n<\/div><\/div><\/div><\/div><div class=\"vc_row wpb_row vc_row-fluid vc_custom_1536592416537 vc_row-has-fill\"><div class=\"wpb_column vc_column_container vc_col-sm-12\"><div class=\"vc_column-inner vc_custom_1494255877376\"><div class=\"wpb_wrapper\">\n<div class=\"wpcf7 no-js\" id=\"wpcf7-f1650-o1\" lang=\"en-US\" dir=\"ltr\" data-wpcf7-id=\"1650\">\n<div class=\"screen-reader-response\"><p role=\"status\" aria-live=\"polite\" aria-atomic=\"true\"><\/p> <ul><\/ul><\/div>\n<form action=\"\/en\/wp-json\/wp\/v2\/pages\/804#wpcf7-f1650-o1\" method=\"post\" class=\"wpcf7-form init\" aria-label=\"Contact form\" novalidate=\"novalidate\" data-status=\"init\">\n<fieldset class=\"hidden-fields-container\"><input type=\"hidden\" name=\"_wpcf7\" value=\"1650\" \/><input type=\"hidden\" name=\"_wpcf7_version\" value=\"6.1.5\" \/><input type=\"hidden\" name=\"_wpcf7_locale\" value=\"en_US\" \/><input type=\"hidden\" name=\"_wpcf7_unit_tag\" value=\"wpcf7-f1650-o1\" \/><input type=\"hidden\" name=\"_wpcf7_container_post\" value=\"0\" \/><input type=\"hidden\" name=\"_wpcf7_posted_data_hash\" value=\"\" \/><input type=\"hidden\" name=\"_wpcf7_recaptcha_response\" value=\"\" \/>\n<\/fieldset>\n<div class=\"call-back\">\n\t<div class=\"row\">\n\t\t<div class=\"col-sm-12 col-lg-6\">\n\t\t\t<p><span class=\"wpcf7-form-control-wrap\" data-name=\"your-name\"><input size=\"40\" maxlength=\"400\" class=\"wpcf7-form-control wpcf7-text wpcf7-validates-as-required\" aria-required=\"true\" aria-invalid=\"false\" placeholder=\"Emri\" value=\"\" type=\"text\" name=\"your-name\" \/><\/span>\n\t\t\t<\/p>\n\t\t<\/div>\n\t\t<div class=\"col-sm-12 col-lg-6\">\n\t\t\t<p><span class=\"wpcf7-form-control-wrap\" data-name=\"services\"><select class=\"wpcf7-form-control wpcf7-select wpcf7-validates-as-required\" aria-required=\"true\" aria-invalid=\"false\" name=\"services\"><option value=\"Pastrim Sht\u00ebpie\/Apartamenti\">Pastrim Sht\u00ebpie\/Apartamenti<\/option><option value=\"Pastrim Zyrash\">Pastrim Zyrash<\/option><option value=\"Pastrim Hotelerie\">Pastrim Hotelerie<\/option><option value=\"Pastrime pas Rinovimeve\">Pastrime pas Rinovimeve<\/option><option value=\"Pastrim Magazinash\">Pastrim Magazinash<\/option><option value=\"Pastrim i Xhamave\">Pastrim i Xhamave<\/option><option value=\"Tjet\u00ebr..\">Tjet\u00ebr..<\/option><\/select><\/span>\n\t\t\t<\/p>\n\t\t<\/div>\n\t<\/div>\n\t<div class=\"row\">\n\t\t<div class=\"col-sm-12 col-lg-6\">\n\t\t\t<p><span class=\"wpcf7-form-control-wrap\" data-name=\"your-phone\"><input size=\"40\" maxlength=\"400\" class=\"wpcf7-form-control wpcf7-tel wpcf7-text wpcf7-validates-as-tel\" aria-invalid=\"false\" placeholder=\"Numri i Telefonit\" value=\"\" type=\"tel\" name=\"your-phone\" \/><\/span>\n\t\t\t<\/p>\n\t\t<\/div>\n\t\t<div class=\"col-sm-12 col-lg-6\">\n\t\t\t<p><input class=\"wpcf7-form-control wpcf7-submit has-spinner\" type=\"submit\" value=\"D\u00ebrgo\" \/>\n\t\t\t<\/p>\n\t\t<\/div>\n\t<\/div>\n<\/div><div class=\"wpcf7-response-output\" aria-hidden=\"true\"><\/div>\n<\/form>\n<\/div>\n<\/div><\/div><\/div><\/div>\n<\/section>","protected":false},"excerpt":{"rendered":"<p>Let our company do the removing of the debris, dust, and dirt from surfaces, the cleaning of the windows, walls and floors.<\/p>","protected":false},"author":1,"featured_media":13592,"parent":0,"menu_order":0,"comment_status":"closed","ping_status":"closed","template":"","meta":{"inline_featured_image":false,"footnotes":""},"class_list":["post-804","page","type-page","status-publish","has-post-thumbnail","hentry"],"yoast_head":"<!-- This site is optimized with the Yoast SEO plugin v27.2 - https:\/\/yoast.com\/product\/yoast-seo-wordpress\/ -->\n<title>Pastrim Ambjentesh Pas Rinovimeve apo Rind\u00ebrtimeve | Bee Clean<\/title>\n<meta name=\"description\" content=\"L\u00ebreni ekipin ton\u00eb t\u00eb b\u00ebj\u00eb heqjen e mbeturinave, pluhurit dhe papast\u00ebrtive nga sip\u00ebrfaqet, pastrimin e dritareve, mureve dhe dyshemeve.\" \/>\n<meta name=\"robots\" content=\"index, follow, max-snippet:-1, max-image-preview:large, max-video-preview:-1\" \/>\n<link rel=\"canonical\" href=\"https:\/\/beeclean.al\/en\/construction-cleaning\/\" \/>\n<meta property=\"og:locale\" content=\"en_GB\" \/>\n<meta property=\"og:type\" content=\"article\" \/>\n<meta property=\"og:title\" content=\"Pastrim Ambjentesh Pas Rinovimeve apo Rind\u00ebrtimeve | Bee Clean\" \/>\n<meta property=\"og:description\" content=\"L\u00ebreni ekipin ton\u00eb t\u00eb b\u00ebj\u00eb heqjen e mbeturinave, pluhurit dhe papast\u00ebrtive nga sip\u00ebrfaqet, pastrimin e dritareve, mureve dhe dyshemeve.\" \/>\n<meta property=\"og:url\" content=\"https:\/\/beeclean.al\/en\/construction-cleaning\/\" \/>\n<meta property=\"og:site_name\" content=\"Bee Clean\" \/>\n<meta property=\"article:modified_time\" content=\"2023-02-24T16:01:59+00:00\" \/>\n<meta property=\"og:image\" content=\"https:\/\/beeclean.al\/wp-content\/uploads\/2023\/02\/bee-07.webp\" \/>\n\t<meta property=\"og:image:width\" content=\"1024\" \/>\n\t<meta property=\"og:image:height\" content=\"512\" \/>\n\t<meta property=\"og:image:type\" content=\"image\/webp\" \/>\n<meta name=\"twitter:card\" content=\"summary_large_image\" \/>\n<meta name=\"twitter:label1\" content=\"Estimated reading time\" \/>\n\t<meta name=\"twitter:data1\" content=\"1 minute\" \/>\n<script type=\"application\/ld+json\" class=\"yoast-schema-graph\">{\"@context\":\"https:\/\/schema.org\",\"@graph\":[{\"@type\":\"WebPage\",\"@id\":\"https:\/\/beeclean.al\/pastrim-pas-rindertimit\/\",\"url\":\"https:\/\/beeclean.al\/pastrim-pas-rindertimit\/\",\"name\":\"Pastrim Ambjentesh Pas Rinovimeve apo Rind\u00ebrtimeve | Bee Clean\",\"isPartOf\":{\"@id\":\"https:\/\/beeclean.al\/#website\"},\"primaryImageOfPage\":{\"@id\":\"https:\/\/beeclean.al\/pastrim-pas-rindertimit\/#primaryimage\"},\"image\":{\"@id\":\"https:\/\/beeclean.al\/pastrim-pas-rindertimit\/#primaryimage\"},\"thumbnailUrl\":\"https:\/\/beeclean.al\/wp-content\/uploads\/2023\/02\/bee-07.webp\",\"datePublished\":\"2016-06-02T17:23:30+00:00\",\"dateModified\":\"2023-02-24T16:01:59+00:00\",\"description\":\"L\u00ebreni ekipin ton\u00eb t\u00eb b\u00ebj\u00eb heqjen e mbeturinave, pluhurit dhe papast\u00ebrtive nga sip\u00ebrfaqet, pastrimin e dritareve, mureve dhe dyshemeve.\",\"breadcrumb\":{\"@id\":\"https:\/\/beeclean.al\/pastrim-pas-rindertimit\/#breadcrumb\"},\"inLanguage\":\"en-GB\",\"potentialAction\":[{\"@type\":\"ReadAction\",\"target\":[\"https:\/\/beeclean.al\/pastrim-pas-rindertimit\/\"]}]},{\"@type\":\"ImageObject\",\"inLanguage\":\"en-GB\",\"@id\":\"https:\/\/beeclean.al\/pastrim-pas-rindertimit\/#primaryimage\",\"url\":\"https:\/\/beeclean.al\/wp-content\/uploads\/2023\/02\/bee-07.webp\",\"contentUrl\":\"https:\/\/beeclean.al\/wp-content\/uploads\/2023\/02\/bee-07.webp\",\"width\":1024,\"height\":512,\"caption\":\"Pastrim Ambjentesh\"},{\"@type\":\"BreadcrumbList\",\"@id\":\"https:\/\/beeclean.al\/pastrim-pas-rindertimit\/#breadcrumb\",\"itemListElement\":[{\"@type\":\"ListItem\",\"position\":1,\"name\":\"Home\",\"item\":\"https:\/\/beeclean.al\/\"},{\"@type\":\"ListItem\",\"position\":2,\"name\":\"Pastrim pas Rinovimeve\"}]},{\"@type\":\"WebSite\",\"@id\":\"https:\/\/beeclean.al\/#website\",\"url\":\"https:\/\/beeclean.al\/\",\"name\":\"BeeClean\",\"description\":\"A clean home, a clear mind - Let us handle the mess\",\"publisher\":{\"@id\":\"https:\/\/beeclean.al\/#organization\"},\"potentialAction\":[{\"@type\":\"SearchAction\",\"target\":{\"@type\":\"EntryPoint\",\"urlTemplate\":\"https:\/\/beeclean.al\/?s={search_term_string}\"},\"query-input\":{\"@type\":\"PropertyValueSpecification\",\"valueRequired\":true,\"valueName\":\"search_term_string\"}}],\"inLanguage\":\"en-GB\"},{\"@type\":\"Organization\",\"@id\":\"https:\/\/beeclean.al\/#organization\",\"name\":\"BeeClean\",\"url\":\"https:\/\/beeclean.al\/\",\"logo\":{\"@type\":\"ImageObject\",\"inLanguage\":\"en-GB\",\"@id\":\"https:\/\/beeclean.al\/#\/schema\/logo\/image\/\",\"url\":\"https:\/\/beeclean.al\/wp-content\/uploads\/2023\/01\/bee-clean-svg-01-4.svg\",\"contentUrl\":\"https:\/\/beeclean.al\/wp-content\/uploads\/2023\/01\/bee-clean-svg-01-4.svg\",\"width\":750,\"height\":323,\"caption\":\"BeeClean\"},\"image\":{\"@id\":\"https:\/\/beeclean.al\/#\/schema\/logo\/image\/\"}}]}<\/script>\n<!-- \/ Yoast SEO plugin. -->","yoast_head_json":{"title":"We Clean Your Environment After Renovations | Bee Clean","description":"Let our company do the removing of the debris, dust, and dirt from surfaces, the cleaning of the windows, walls and floors.","robots":{"index":"index","follow":"follow","max-snippet":"max-snippet:-1","max-image-preview":"max-image-preview:large","max-video-preview":"max-video-preview:-1"},"canonical":"https:\/\/beeclean.al\/en\/construction-cleaning\/","og_locale":"en_GB","og_type":"article","og_title":"Pastrim Ambjentesh Pas Rinovimeve apo Rind\u00ebrtimeve | Bee Clean","og_description":"L\u00ebreni ekipin ton\u00eb t\u00eb b\u00ebj\u00eb heqjen e mbeturinave, pluhurit dhe papast\u00ebrtive nga sip\u00ebrfaqet, pastrimin e dritareve, mureve dhe dyshemeve.","og_url":"https:\/\/beeclean.al\/en\/construction-cleaning\/","og_site_name":"Bee Clean","article_modified_time":"2023-02-24T16:01:59+00:00","og_image":[{"width":1024,"height":512,"url":"https:\/\/beeclean.al\/wp-content\/uploads\/2023\/02\/bee-07.webp","type":"image\/webp"}],"twitter_card":"summary_large_image","twitter_misc":{"Estimated reading time":"1 minute"},"schema":{"@context":"https:\/\/schema.org","@graph":[{"@type":"WebPage","@id":"https:\/\/beeclean.al\/pastrim-pas-rindertimit\/","url":"https:\/\/beeclean.al\/pastrim-pas-rindertimit\/","name":"We Clean Your Environment After Renovations | Bee Clean","isPartOf":{"@id":"https:\/\/beeclean.al\/#website"},"primaryImageOfPage":{"@id":"https:\/\/beeclean.al\/pastrim-pas-rindertimit\/#primaryimage"},"image":{"@id":"https:\/\/beeclean.al\/pastrim-pas-rindertimit\/#primaryimage"},"thumbnailUrl":"https:\/\/beeclean.al\/wp-content\/uploads\/2023\/02\/bee-07.webp","datePublished":"2016-06-02T17:23:30+00:00","dateModified":"2023-02-24T16:01:59+00:00","description":"Let our company do the removing of the debris, dust, and dirt from surfaces, the cleaning of the windows, walls and floors.","breadcrumb":{"@id":"https:\/\/beeclean.al\/pastrim-pas-rindertimit\/#breadcrumb"},"inLanguage":"en-GB","potentialAction":[{"@type":"ReadAction","target":["https:\/\/beeclean.al\/pastrim-pas-rindertimit\/"]}]},{"@type":"ImageObject","inLanguage":"en-GB","@id":"https:\/\/beeclean.al\/pastrim-pas-rindertimit\/#primaryimage","url":"https:\/\/beeclean.al\/wp-content\/uploads\/2023\/02\/bee-07.webp","contentUrl":"https:\/\/beeclean.al\/wp-content\/uploads\/2023\/02\/bee-07.webp","width":1024,"height":512,"caption":"Pastrim Ambjentesh"},{"@type":"BreadcrumbList","@id":"https:\/\/beeclean.al\/pastrim-pas-rindertimit\/#breadcrumb","itemListElement":[{"@type":"ListItem","position":1,"name":"Home","item":"https:\/\/beeclean.al\/"},{"@type":"ListItem","position":2,"name":"Pastrim pas Rinovimeve"}]},{"@type":"WebSite","@id":"https:\/\/beeclean.al\/#website","url":"https:\/\/beeclean.al\/","name":"BeeClean","description":"A clean home, a clear mind - Let us handle the mess","publisher":{"@id":"https:\/\/beeclean.al\/#organization"},"potentialAction":[{"@type":"SearchAction","target":{"@type":"EntryPoint","urlTemplate":"https:\/\/beeclean.al\/?s={search_term_string}"},"query-input":{"@type":"PropertyValueSpecification","valueRequired":true,"valueName":"search_term_string"}}],"inLanguage":"en-GB"},{"@type":"Organization","@id":"https:\/\/beeclean.al\/#organization","name":"BeeClean","url":"https:\/\/beeclean.al\/","logo":{"@type":"ImageObject","inLanguage":"en-GB","@id":"https:\/\/beeclean.al\/#\/schema\/logo\/image\/","url":"https:\/\/beeclean.al\/wp-content\/uploads\/2023\/01\/bee-clean-svg-01-4.svg","contentUrl":"https:\/\/beeclean.al\/wp-content\/uploads\/2023\/01\/bee-clean-svg-01-4.svg","width":750,"height":323,"caption":"BeeClean"},"image":{"@id":"https:\/\/beeclean.al\/#\/schema\/logo\/image\/"}}]}},"_hostinger_reach_plugin_has_subscription_block":false,"_hostinger_reach_plugin_is_elementor":false,"_links":{"self":[{"href":"https:\/\/beeclean.al\/en\/wp-json\/wp\/v2\/pages\/804","targetHints":{"allow":["GET"]}}],"collection":[{"href":"https:\/\/beeclean.al\/en\/wp-json\/wp\/v2\/pages"}],"about":[{"href":"https:\/\/beeclean.al\/en\/wp-json\/wp\/v2\/types\/page"}],"author":[{"embeddable":true,"href":"https:\/\/beeclean.al\/en\/wp-json\/wp\/v2\/users\/1"}],"replies":[{"embeddable":true,"href":"https:\/\/beeclean.al\/en\/wp-json\/wp\/v2\/comments?post=804"}],"version-history":[{"count":0,"href":"https:\/\/beeclean.al\/en\/wp-json\/wp\/v2\/pages\/804\/revisions"}],"wp:featuredmedia":[{"embeddable":true,"href":"https:\/\/beeclean.al\/en\/wp-json\/wp\/v2\/media\/13592"}],"wp:attachment":[{"href":"https:\/\/beeclean.al\/en\/wp-json\/wp\/v2\/media?parent=804"}],"curies":[{"name":"wp","href":"https:\/\/api.w.org\/{rel}","templated":true}]}}