{"id":802,"date":"2016-06-02T17:22:56","date_gmt":"2016-06-02T17:22:56","guid":{"rendered":"http:\/\/qt.dev\/dev\/thecleaner\/?page_id=802"},"modified":"2023-02-24T16:12:31","modified_gmt":"2023-02-24T16:12:31","slug":"pastrim-magazinash","status":"publish","type":"page","link":"https:\/\/beeclean.al\/en\/warehouse-cleaning\/","title":{"rendered":"Warehouse Cleaning"},"content":{"rendered":"<section class=\"wpb-content-wrapper\"><div class=\"vc_row wpb_row vc_row-fluid vc_custom_1536592636614\"><div class=\"wpb_column vc_column_container vc_col-sm-6\"><div class=\"vc_column-inner\"><div class=\"wpb_wrapper\">\n\t<div class=\"wpb_text_column wpb_content_element  vc_custom_1677254918627\" >\n\t\t<div class=\"wpb_wrapper\">\n\t\t\t<h2>Ne gjithashtu pastrojm\u00eb pjes\u00ebn e jashtme t\u00eb nd\u00ebrtesave t\u00eb magazin\u00ebs<\/h2>\n<p>Sh\u00ebrbimet e rregullta t\u00eb pastrimit t\u00eb magazin\u00ebs dhe larja e jashtme me presion t\u00eb vendkalimeve, portave t\u00eb ngarkimit dhe hyrjeve jan\u00eb nj\u00eb pjes\u00eb thelb\u00ebsore e mir\u00ebmbajtjes dhe siguris\u00eb s\u00eb magazin\u00ebs. Sh\u00ebrbimet tona t\u00eb pastrimit t\u00eb magazin\u00ebs transformojn\u00eb paraqitjen e portave, trotuareve dhe vendeve t\u00eb tjera n\u00eb magazin\u00eb tuaj.<\/p>\n\n\t\t<\/div>\n\t<\/div>\n\n\t<div class=\"wpb_text_column wpb_content_element \" >\n\t\t<div class=\"wpb_wrapper\">\n\t\t\t<p><strong><span style=\"color: #00adbf;\">[icon type=&#8221;fas fa-check&#8221;]<\/span>\u00a0 Ne jemi t\u00eb shkath\u00ebt dhe fleksib\u00ebl<\/strong><br \/>\nNe jemi fleksib\u00ebl me orarin ton\u00eb sa mundemi dhe ofrojm\u00eb sh\u00ebrbimet pa qen\u00eb shqet\u00ebsim p\u00ebr njer\u00ebzit.<\/p>\n\n\t\t<\/div>\n\t<\/div>\n<\/div><\/div><\/div><div class=\"wpb_column vc_column_container vc_col-sm-6\"><div class=\"vc_column-inner\"><div class=\"wpb_wrapper\">\n\t<div  class=\"wpb_single_image wpb_content_element vc_align_left\">\n\t\t\n\t\t<figure class=\"wpb_wrapper vc_figure\">\n\t\t\t<div class=\"vc_single_image-wrapper   vc_box_border_grey\"><\/div>\n\t\t<\/figure>\n\t<\/div>\n\n\t<div  class=\"wpb_single_image wpb_content_element vc_align_left\">\n\t\t\n\t\t<figure class=\"wpb_wrapper vc_figure\">\n\t\t\t<div class=\"vc_single_image-wrapper   vc_box_border_grey\"><\/div>\n\t\t<\/figure>\n\t<\/div>\n<\/div><\/div><\/div><\/div><div class=\"vc_row wpb_row vc_row-fluid vc_custom_1536592639210\"><div class=\"wpb_column vc_column_container vc_col-sm-12\"><div class=\"vc_column-inner\"><div class=\"wpb_wrapper\">\n\t<div  class=\"wpb_single_image wpb_content_element vc_align_left  vc_custom_1536592671647\">\n\t\t\n\t\t<figure class=\"wpb_wrapper vc_figure\">\n\t\t\t<div class=\"vc_single_image-wrapper   vc_box_border_grey\"><\/div>\n\t\t<\/figure>\n\t<\/div>\n<\/div><\/div><\/div><\/div><div class=\"vc_row wpb_row vc_row-fluid\"><div class=\"wpb_column vc_column_container vc_col-sm-12\"><div class=\"vc_column-inner\"><div class=\"wpb_wrapper\">\n\t<div class=\"wpb_text_column wpb_content_element  vc_custom_1677254969261\" >\n\t\t<div class=\"wpb_wrapper\">\n\t\t\t<h2>K\u00ebrko nj\u00eb Telefonat\u00eb<\/h2>\n\n\t\t<\/div>\n\t<\/div>\n<\/div><\/div><\/div><\/div><div class=\"vc_row wpb_row vc_row-fluid vc_custom_1536592643936 vc_row-has-fill\"><div class=\"wpb_column vc_column_container vc_col-sm-12\"><div class=\"vc_column-inner vc_custom_1494255877376\"><div class=\"wpb_wrapper\">\n<div class=\"wpcf7 no-js\" id=\"wpcf7-f1650-o1\" lang=\"en-US\" dir=\"ltr\" data-wpcf7-id=\"1650\">\n<div class=\"screen-reader-response\"><p role=\"status\" aria-live=\"polite\" aria-atomic=\"true\"><\/p> <ul><\/ul><\/div>\n<form action=\"\/en\/wp-json\/wp\/v2\/pages\/802#wpcf7-f1650-o1\" method=\"post\" class=\"wpcf7-form init\" aria-label=\"Contact form\" novalidate=\"novalidate\" data-status=\"init\">\n<fieldset class=\"hidden-fields-container\"><input type=\"hidden\" name=\"_wpcf7\" value=\"1650\" \/><input type=\"hidden\" name=\"_wpcf7_version\" value=\"6.1.5\" \/><input type=\"hidden\" name=\"_wpcf7_locale\" value=\"en_US\" \/><input type=\"hidden\" name=\"_wpcf7_unit_tag\" value=\"wpcf7-f1650-o1\" \/><input type=\"hidden\" name=\"_wpcf7_container_post\" value=\"0\" \/><input type=\"hidden\" name=\"_wpcf7_posted_data_hash\" value=\"\" \/><input type=\"hidden\" name=\"_wpcf7_recaptcha_response\" value=\"\" \/>\n<\/fieldset>\n<div class=\"call-back\">\n\t<div class=\"row\">\n\t\t<div class=\"col-sm-12 col-lg-6\">\n\t\t\t<p><span class=\"wpcf7-form-control-wrap\" data-name=\"your-name\"><input size=\"40\" maxlength=\"400\" class=\"wpcf7-form-control wpcf7-text wpcf7-validates-as-required\" aria-required=\"true\" aria-invalid=\"false\" placeholder=\"Emri\" value=\"\" type=\"text\" name=\"your-name\" \/><\/span>\n\t\t\t<\/p>\n\t\t<\/div>\n\t\t<div class=\"col-sm-12 col-lg-6\">\n\t\t\t<p><span class=\"wpcf7-form-control-wrap\" data-name=\"services\"><select class=\"wpcf7-form-control wpcf7-select wpcf7-validates-as-required\" aria-required=\"true\" aria-invalid=\"false\" name=\"services\"><option value=\"Pastrim Sht\u00ebpie\/Apartamenti\">Pastrim Sht\u00ebpie\/Apartamenti<\/option><option value=\"Pastrim Zyrash\">Pastrim Zyrash<\/option><option value=\"Pastrim Hotelerie\">Pastrim Hotelerie<\/option><option value=\"Pastrime pas Rinovimeve\">Pastrime pas Rinovimeve<\/option><option value=\"Pastrim Magazinash\">Pastrim Magazinash<\/option><option value=\"Pastrim i Xhamave\">Pastrim i Xhamave<\/option><option value=\"Tjet\u00ebr..\">Tjet\u00ebr..<\/option><\/select><\/span>\n\t\t\t<\/p>\n\t\t<\/div>\n\t<\/div>\n\t<div class=\"row\">\n\t\t<div class=\"col-sm-12 col-lg-6\">\n\t\t\t<p><span class=\"wpcf7-form-control-wrap\" data-name=\"your-phone\"><input size=\"40\" maxlength=\"400\" class=\"wpcf7-form-control wpcf7-tel wpcf7-text wpcf7-validates-as-tel\" aria-invalid=\"false\" placeholder=\"Numri i Telefonit\" value=\"\" type=\"tel\" name=\"your-phone\" \/><\/span>\n\t\t\t<\/p>\n\t\t<\/div>\n\t\t<div class=\"col-sm-12 col-lg-6\">\n\t\t\t<p><input class=\"wpcf7-form-control wpcf7-submit has-spinner\" type=\"submit\" value=\"D\u00ebrgo\" \/>\n\t\t\t<\/p>\n\t\t<\/div>\n\t<\/div>\n<\/div><div class=\"wpcf7-response-output\" aria-hidden=\"true\"><\/div>\n<\/form>\n<\/div>\n<\/div><\/div><\/div><\/div>\n<\/section>","protected":false},"excerpt":{"rendered":"<p>Pastrimi i magazin\u00ebs \u00ebsht\u00eb nj\u00eb aspekt thelb\u00ebsor i mir\u00ebmbajtjes dhe dh\u00ebnies me qira pasi e paraqet magazin\u00ebn tuaj n\u00eb nj\u00eb m\u00ebnyr\u00eb pozitive<\/p>","protected":false},"author":1,"featured_media":13594,"parent":0,"menu_order":0,"comment_status":"closed","ping_status":"closed","template":"","meta":{"inline_featured_image":false,"footnotes":""},"class_list":["post-802","page","type-page","status-publish","has-post-thumbnail","hentry"],"yoast_head":"<!-- This site is optimized with the Yoast SEO plugin v27.2 - https:\/\/yoast.com\/product\/yoast-seo-wordpress\/ -->\n<title>Pastrim Magazinash | Sh\u00ebrbime Pastrimi p\u00ebr Magazina | BeeClean<\/title>\n<meta name=\"description\" content=\"Ofrojm\u00eb sh\u00ebrbimet e pastrimit t\u00eb magazinave , p\u00ebrfshir\u00eb larjen e jashtme me presion t\u00eb vendkalimeve, porteve t\u00eb ngarkimit dhe hyrjeve\" \/>\n<meta name=\"robots\" content=\"index, follow, max-snippet:-1, max-image-preview:large, max-video-preview:-1\" \/>\n<link rel=\"canonical\" href=\"https:\/\/beeclean.al\/en\/warehouse-cleaning\/\" \/>\n<meta property=\"og:locale\" content=\"en_GB\" \/>\n<meta property=\"og:type\" content=\"article\" \/>\n<meta property=\"og:title\" content=\"Pastrim Magazinash | Sh\u00ebrbime Pastrimi p\u00ebr Magazina | BeeClean\" \/>\n<meta property=\"og:description\" content=\"Ofrojm\u00eb sh\u00ebrbimet e pastrimit t\u00eb magazinave , p\u00ebrfshir\u00eb larjen e jashtme me presion t\u00eb vendkalimeve, porteve t\u00eb ngarkimit dhe hyrjeve\" \/>\n<meta property=\"og:url\" content=\"https:\/\/beeclean.al\/en\/warehouse-cleaning\/\" \/>\n<meta property=\"og:site_name\" content=\"Bee Clean\" \/>\n<meta property=\"article:modified_time\" content=\"2023-02-24T16:12:31+00:00\" \/>\n<meta property=\"og:image\" content=\"https:\/\/beeclean.al\/wp-content\/uploads\/2023\/02\/bee-06.webp\" \/>\n\t<meta property=\"og:image:width\" content=\"1024\" \/>\n\t<meta property=\"og:image:height\" content=\"512\" \/>\n\t<meta property=\"og:image:type\" content=\"image\/webp\" \/>\n<meta name=\"twitter:card\" content=\"summary_large_image\" \/>\n<meta name=\"twitter:label1\" content=\"Estimated reading time\" \/>\n\t<meta name=\"twitter:data1\" content=\"1 minute\" \/>\n<script type=\"application\/ld+json\" class=\"yoast-schema-graph\">{\"@context\":\"https:\/\/schema.org\",\"@graph\":[{\"@type\":\"WebPage\",\"@id\":\"https:\/\/beeclean.al\/pastrim-magazinash\/\",\"url\":\"https:\/\/beeclean.al\/pastrim-magazinash\/\",\"name\":\"Pastrim Magazinash | Sh\u00ebrbime Pastrimi p\u00ebr Magazina | BeeClean\",\"isPartOf\":{\"@id\":\"https:\/\/beeclean.al\/#website\"},\"primaryImageOfPage\":{\"@id\":\"https:\/\/beeclean.al\/pastrim-magazinash\/#primaryimage\"},\"image\":{\"@id\":\"https:\/\/beeclean.al\/pastrim-magazinash\/#primaryimage\"},\"thumbnailUrl\":\"https:\/\/beeclean.al\/wp-content\/uploads\/2023\/02\/bee-06.webp\",\"datePublished\":\"2016-06-02T17:22:56+00:00\",\"dateModified\":\"2023-02-24T16:12:31+00:00\",\"description\":\"Ofrojm\u00eb sh\u00ebrbimet e pastrimit t\u00eb magazinave , p\u00ebrfshir\u00eb larjen e jashtme me presion t\u00eb vendkalimeve, porteve t\u00eb ngarkimit dhe hyrjeve\",\"breadcrumb\":{\"@id\":\"https:\/\/beeclean.al\/pastrim-magazinash\/#breadcrumb\"},\"inLanguage\":\"en-GB\",\"potentialAction\":[{\"@type\":\"ReadAction\",\"target\":[\"https:\/\/beeclean.al\/pastrim-magazinash\/\"]}]},{\"@type\":\"ImageObject\",\"inLanguage\":\"en-GB\",\"@id\":\"https:\/\/beeclean.al\/pastrim-magazinash\/#primaryimage\",\"url\":\"https:\/\/beeclean.al\/wp-content\/uploads\/2023\/02\/bee-06.webp\",\"contentUrl\":\"https:\/\/beeclean.al\/wp-content\/uploads\/2023\/02\/bee-06.webp\",\"width\":1024,\"height\":512,\"caption\":\"Pastrim Magazinash\"},{\"@type\":\"BreadcrumbList\",\"@id\":\"https:\/\/beeclean.al\/pastrim-magazinash\/#breadcrumb\",\"itemListElement\":[{\"@type\":\"ListItem\",\"position\":1,\"name\":\"Home\",\"item\":\"https:\/\/beeclean.al\/\"},{\"@type\":\"ListItem\",\"position\":2,\"name\":\"Pastrim Magazinash\"}]},{\"@type\":\"WebSite\",\"@id\":\"https:\/\/beeclean.al\/#website\",\"url\":\"https:\/\/beeclean.al\/\",\"name\":\"BeeClean\",\"description\":\"A clean home, a clear mind - Let us handle the mess\",\"publisher\":{\"@id\":\"https:\/\/beeclean.al\/#organization\"},\"potentialAction\":[{\"@type\":\"SearchAction\",\"target\":{\"@type\":\"EntryPoint\",\"urlTemplate\":\"https:\/\/beeclean.al\/?s={search_term_string}\"},\"query-input\":{\"@type\":\"PropertyValueSpecification\",\"valueRequired\":true,\"valueName\":\"search_term_string\"}}],\"inLanguage\":\"en-GB\"},{\"@type\":\"Organization\",\"@id\":\"https:\/\/beeclean.al\/#organization\",\"name\":\"BeeClean\",\"url\":\"https:\/\/beeclean.al\/\",\"logo\":{\"@type\":\"ImageObject\",\"inLanguage\":\"en-GB\",\"@id\":\"https:\/\/beeclean.al\/#\/schema\/logo\/image\/\",\"url\":\"https:\/\/beeclean.al\/wp-content\/uploads\/2023\/01\/bee-clean-svg-01-4.svg\",\"contentUrl\":\"https:\/\/beeclean.al\/wp-content\/uploads\/2023\/01\/bee-clean-svg-01-4.svg\",\"width\":750,\"height\":323,\"caption\":\"BeeClean\"},\"image\":{\"@id\":\"https:\/\/beeclean.al\/#\/schema\/logo\/image\/\"}}]}<\/script>\n<!-- \/ Yoast SEO plugin. -->","yoast_head_json":{"title":"We also clean the exterior of warehouse buildings | Bee Clean","description":"Regular warehouse cleaning services and exterior pressure washing of walkways, loading docks and entryways are an essential part maintenance","robots":{"index":"index","follow":"follow","max-snippet":"max-snippet:-1","max-image-preview":"max-image-preview:large","max-video-preview":"max-video-preview:-1"},"canonical":"https:\/\/beeclean.al\/en\/warehouse-cleaning\/","og_locale":"en_GB","og_type":"article","og_title":"Pastrim Magazinash | Sh\u00ebrbime Pastrimi p\u00ebr Magazina | BeeClean","og_description":"Ofrojm\u00eb sh\u00ebrbimet e pastrimit t\u00eb magazinave , p\u00ebrfshir\u00eb larjen e jashtme me presion t\u00eb vendkalimeve, porteve t\u00eb ngarkimit dhe hyrjeve","og_url":"https:\/\/beeclean.al\/en\/warehouse-cleaning\/","og_site_name":"Bee Clean","article_modified_time":"2023-02-24T16:12:31+00:00","og_image":[{"width":1024,"height":512,"url":"https:\/\/beeclean.al\/wp-content\/uploads\/2023\/02\/bee-06.webp","type":"image\/webp"}],"twitter_card":"summary_large_image","twitter_misc":{"Estimated reading time":"1 minute"},"schema":{"@context":"https:\/\/schema.org","@graph":[{"@type":"WebPage","@id":"https:\/\/beeclean.al\/pastrim-magazinash\/","url":"https:\/\/beeclean.al\/pastrim-magazinash\/","name":"We also clean the exterior of warehouse buildings | Bee Clean","isPartOf":{"@id":"https:\/\/beeclean.al\/#website"},"primaryImageOfPage":{"@id":"https:\/\/beeclean.al\/pastrim-magazinash\/#primaryimage"},"image":{"@id":"https:\/\/beeclean.al\/pastrim-magazinash\/#primaryimage"},"thumbnailUrl":"https:\/\/beeclean.al\/wp-content\/uploads\/2023\/02\/bee-06.webp","datePublished":"2016-06-02T17:22:56+00:00","dateModified":"2023-02-24T16:12:31+00:00","description":"Regular warehouse cleaning services and exterior pressure washing of walkways, loading docks and entryways are an essential part maintenance","breadcrumb":{"@id":"https:\/\/beeclean.al\/pastrim-magazinash\/#breadcrumb"},"inLanguage":"en-GB","potentialAction":[{"@type":"ReadAction","target":["https:\/\/beeclean.al\/pastrim-magazinash\/"]}]},{"@type":"ImageObject","inLanguage":"en-GB","@id":"https:\/\/beeclean.al\/pastrim-magazinash\/#primaryimage","url":"https:\/\/beeclean.al\/wp-content\/uploads\/2023\/02\/bee-06.webp","contentUrl":"https:\/\/beeclean.al\/wp-content\/uploads\/2023\/02\/bee-06.webp","width":1024,"height":512,"caption":"Pastrim Magazinash"},{"@type":"BreadcrumbList","@id":"https:\/\/beeclean.al\/pastrim-magazinash\/#breadcrumb","itemListElement":[{"@type":"ListItem","position":1,"name":"Home","item":"https:\/\/beeclean.al\/"},{"@type":"ListItem","position":2,"name":"Pastrim Magazinash"}]},{"@type":"WebSite","@id":"https:\/\/beeclean.al\/#website","url":"https:\/\/beeclean.al\/","name":"BeeClean","description":"A clean home, a clear mind - Let us handle the mess","publisher":{"@id":"https:\/\/beeclean.al\/#organization"},"potentialAction":[{"@type":"SearchAction","target":{"@type":"EntryPoint","urlTemplate":"https:\/\/beeclean.al\/?s={search_term_string}"},"query-input":{"@type":"PropertyValueSpecification","valueRequired":true,"valueName":"search_term_string"}}],"inLanguage":"en-GB"},{"@type":"Organization","@id":"https:\/\/beeclean.al\/#organization","name":"BeeClean","url":"https:\/\/beeclean.al\/","logo":{"@type":"ImageObject","inLanguage":"en-GB","@id":"https:\/\/beeclean.al\/#\/schema\/logo\/image\/","url":"https:\/\/beeclean.al\/wp-content\/uploads\/2023\/01\/bee-clean-svg-01-4.svg","contentUrl":"https:\/\/beeclean.al\/wp-content\/uploads\/2023\/01\/bee-clean-svg-01-4.svg","width":750,"height":323,"caption":"BeeClean"},"image":{"@id":"https:\/\/beeclean.al\/#\/schema\/logo\/image\/"}}]}},"_hostinger_reach_plugin_has_subscription_block":false,"_hostinger_reach_plugin_is_elementor":false,"_links":{"self":[{"href":"https:\/\/beeclean.al\/en\/wp-json\/wp\/v2\/pages\/802","targetHints":{"allow":["GET"]}}],"collection":[{"href":"https:\/\/beeclean.al\/en\/wp-json\/wp\/v2\/pages"}],"about":[{"href":"https:\/\/beeclean.al\/en\/wp-json\/wp\/v2\/types\/page"}],"author":[{"embeddable":true,"href":"https:\/\/beeclean.al\/en\/wp-json\/wp\/v2\/users\/1"}],"replies":[{"embeddable":true,"href":"https:\/\/beeclean.al\/en\/wp-json\/wp\/v2\/comments?post=802"}],"version-history":[{"count":0,"href":"https:\/\/beeclean.al\/en\/wp-json\/wp\/v2\/pages\/802\/revisions"}],"wp:featuredmedia":[{"embeddable":true,"href":"https:\/\/beeclean.al\/en\/wp-json\/wp\/v2\/media\/13594"}],"wp:attachment":[{"href":"https:\/\/beeclean.al\/en\/wp-json\/wp\/v2\/media?parent=802"}],"curies":[{"name":"wp","href":"https:\/\/api.w.org\/{rel}","templated":true}]}}