{"id":798,"date":"2016-06-02T17:22:09","date_gmt":"2016-06-02T17:22:09","guid":{"rendered":"http:\/\/qt.dev\/dev\/thecleaner\/?page_id=798"},"modified":"2023-02-24T15:54:22","modified_gmt":"2023-02-24T15:54:22","slug":"pastrim-hotelerie","status":"publish","type":"page","link":"https:\/\/beeclean.al\/en\/hospitality-cleaning\/","title":{"rendered":"Hospitality Cleaning"},"content":{"rendered":"<section class=\"wpb-content-wrapper\"><div class=\"vc_row wpb_row vc_row-fluid vc_custom_1536592511288\"><div class=\"wpb_column vc_column_container vc_col-sm-6\"><div class=\"vc_column-inner\"><div class=\"wpb_wrapper\">\n\t<div class=\"wpb_text_column wpb_content_element  vc_custom_1677252770646\" >\n\t\t<div class=\"wpb_wrapper\">\n\t\t\t<h2>Hotele, Restorante, Bar Kafe<\/h2>\n<p>N\u00eb industrin\u00eb e hoteleris\u00eb, pastrimi \u00ebsht\u00eb nj\u00eb pjes\u00eb thelb\u00ebsore p\u00ebr suksesin e aktivitetit tuaj. Nj\u00eb ambient i past\u00ebr ju lejon t\u00eb paraqisni nj\u00eb atmosfer\u00eb mikprit\u00ebse p\u00ebr klient\u00ebt tuaj, dhe ndihmon n\u00eb promovimin e rekomandimeve p\u00ebr biznesin tuaj.<\/p>\n\n\t\t<\/div>\n\t<\/div>\n\n\t<div class=\"wpb_text_column wpb_content_element \" >\n\t\t<div class=\"wpb_wrapper\">\n\t\t\t<p><strong><span style=\"color: #00adbf;\">[icon type=&#8221;fas fa-check&#8221;]<\/span>\u00a0 Staf i p\u00ebrkushtuar dhe plot\u00ebsisht i siguruar<\/strong><br \/>\nStafi yn\u00eb i pastrimit jep vet\u00ebm kujdesin maksimal kur b\u00ebhet fjal\u00eb p\u00ebr pastrimin e ambjenteve tuaja. Kompania dedikon ekipe t\u00eb plota pastrimi profesionist\u00eb p\u00ebr t\u00eb siguruar nj\u00eb operacion efikas pastrimi.<\/p>\n<p><strong><span style=\"color: #00adbf;\">[icon type=&#8221;fas fa-check&#8221;] \u00a0<\/span><span style=\"color: #343434;\">Materiale Ekologjike Pastrimi<\/span><\/strong><br \/>\nProduktet tona t\u00eb pastrimit jan\u00eb ekologjike dhe p\u00ebrb\u00ebhen nga vajra esencial\u00eb dhe komponent\u00eb bimor\u00eb<\/p>\n\n\t\t<\/div>\n\t<\/div>\n<\/div><\/div><\/div><div class=\"wpb_column vc_column_container vc_col-sm-6\"><div class=\"vc_column-inner\"><div class=\"wpb_wrapper\">\n\t<div  class=\"wpb_single_image wpb_content_element vc_align_left\">\n\t\t\n\t\t<figure class=\"wpb_wrapper vc_figure\">\n\t\t\t<div class=\"vc_single_image-wrapper   vc_box_border_grey\"><\/div>\n\t\t<\/figure>\n\t<\/div>\n\n\t<div  class=\"wpb_single_image wpb_content_element vc_align_left\">\n\t\t\n\t\t<figure class=\"wpb_wrapper vc_figure\">\n\t\t\t<div class=\"vc_single_image-wrapper   vc_box_border_grey\"><\/div>\n\t\t<\/figure>\n\t<\/div>\n<\/div><\/div><\/div><\/div><div class=\"vc_row wpb_row vc_row-fluid vc_custom_1536592541157\"><div class=\"wpb_column vc_column_container vc_col-sm-12\"><div class=\"vc_column-inner\"><div class=\"wpb_wrapper\">\n\t<div  class=\"wpb_single_image wpb_content_element vc_align_left  vc_custom_1536592519228\">\n\t\t\n\t\t<figure class=\"wpb_wrapper vc_figure\">\n\t\t\t<div class=\"vc_single_image-wrapper   vc_box_border_grey\"><\/div>\n\t\t<\/figure>\n\t<\/div>\n<\/div><\/div><\/div><\/div><div class=\"vc_row wpb_row vc_row-fluid\"><div class=\"wpb_column vc_column_container vc_col-sm-12\"><div class=\"vc_column-inner\"><div class=\"wpb_wrapper\">\n\t<div class=\"wpb_text_column wpb_content_element  vc_custom_1677252823876\" >\n\t\t<div class=\"wpb_wrapper\">\n\t\t\t<h2>K\u00ebrko nj\u00eb Telefonat\u00eb<\/h2>\n\n\t\t<\/div>\n\t<\/div>\n<\/div><\/div><\/div><\/div><div class=\"vc_row wpb_row vc_row-fluid vc_custom_1536592537805 vc_row-has-fill\"><div class=\"wpb_column vc_column_container vc_col-sm-12\"><div class=\"vc_column-inner vc_custom_1494255877376\"><div class=\"wpb_wrapper\">\n<div class=\"wpcf7 no-js\" id=\"wpcf7-f1650-o1\" lang=\"en-US\" dir=\"ltr\" data-wpcf7-id=\"1650\">\n<div class=\"screen-reader-response\"><p role=\"status\" aria-live=\"polite\" aria-atomic=\"true\"><\/p> <ul><\/ul><\/div>\n<form action=\"\/en\/wp-json\/wp\/v2\/pages\/798#wpcf7-f1650-o1\" method=\"post\" class=\"wpcf7-form init\" aria-label=\"Contact form\" novalidate=\"novalidate\" data-status=\"init\">\n<fieldset class=\"hidden-fields-container\"><input type=\"hidden\" name=\"_wpcf7\" value=\"1650\" \/><input type=\"hidden\" name=\"_wpcf7_version\" value=\"6.1.5\" \/><input type=\"hidden\" name=\"_wpcf7_locale\" value=\"en_US\" \/><input type=\"hidden\" name=\"_wpcf7_unit_tag\" value=\"wpcf7-f1650-o1\" \/><input type=\"hidden\" name=\"_wpcf7_container_post\" value=\"0\" \/><input type=\"hidden\" name=\"_wpcf7_posted_data_hash\" value=\"\" \/><input type=\"hidden\" name=\"_wpcf7_recaptcha_response\" value=\"\" \/>\n<\/fieldset>\n<div class=\"call-back\">\n\t<div class=\"row\">\n\t\t<div class=\"col-sm-12 col-lg-6\">\n\t\t\t<p><span class=\"wpcf7-form-control-wrap\" data-name=\"your-name\"><input size=\"40\" maxlength=\"400\" class=\"wpcf7-form-control wpcf7-text wpcf7-validates-as-required\" aria-required=\"true\" aria-invalid=\"false\" placeholder=\"Emri\" value=\"\" type=\"text\" name=\"your-name\" \/><\/span>\n\t\t\t<\/p>\n\t\t<\/div>\n\t\t<div class=\"col-sm-12 col-lg-6\">\n\t\t\t<p><span class=\"wpcf7-form-control-wrap\" data-name=\"services\"><select class=\"wpcf7-form-control wpcf7-select wpcf7-validates-as-required\" aria-required=\"true\" aria-invalid=\"false\" name=\"services\"><option value=\"Pastrim Sht\u00ebpie\/Apartamenti\">Pastrim Sht\u00ebpie\/Apartamenti<\/option><option value=\"Pastrim Zyrash\">Pastrim Zyrash<\/option><option value=\"Pastrim Hotelerie\">Pastrim Hotelerie<\/option><option value=\"Pastrime pas Rinovimeve\">Pastrime pas Rinovimeve<\/option><option value=\"Pastrim Magazinash\">Pastrim Magazinash<\/option><option value=\"Pastrim i Xhamave\">Pastrim i Xhamave<\/option><option value=\"Tjet\u00ebr..\">Tjet\u00ebr..<\/option><\/select><\/span>\n\t\t\t<\/p>\n\t\t<\/div>\n\t<\/div>\n\t<div class=\"row\">\n\t\t<div class=\"col-sm-12 col-lg-6\">\n\t\t\t<p><span class=\"wpcf7-form-control-wrap\" data-name=\"your-phone\"><input size=\"40\" maxlength=\"400\" class=\"wpcf7-form-control wpcf7-tel wpcf7-text wpcf7-validates-as-tel\" aria-invalid=\"false\" placeholder=\"Numri i Telefonit\" value=\"\" type=\"tel\" name=\"your-phone\" \/><\/span>\n\t\t\t<\/p>\n\t\t<\/div>\n\t\t<div class=\"col-sm-12 col-lg-6\">\n\t\t\t<p><input class=\"wpcf7-form-control wpcf7-submit has-spinner\" type=\"submit\" value=\"D\u00ebrgo\" \/>\n\t\t\t<\/p>\n\t\t<\/div>\n\t<\/div>\n<\/div><div class=\"wpcf7-response-output\" aria-hidden=\"true\"><\/div>\n<\/form>\n<\/div>\n<\/div><\/div><\/div><\/div>\n<\/section>","protected":false},"excerpt":{"rendered":"<p>Sh\u00ebrbimet tona t\u00eb pastrimit t\u00eb hotelerise jan\u00eb perfekte p\u00ebr t\u00eb pastruar hotelet, resortet dhe kazinot\u00eb . Ne gjithashtu ofrojm\u00eb dhe mir\u00ebmbajtje ditore, javore apo mujore.<\/p>","protected":false},"author":1,"featured_media":13591,"parent":0,"menu_order":0,"comment_status":"closed","ping_status":"closed","template":"","meta":{"inline_featured_image":false,"footnotes":""},"class_list":["post-798","page","type-page","status-publish","has-post-thumbnail","hentry"],"yoast_head":"<!-- This site is optimized with the Yoast SEO plugin v27.2 - https:\/\/yoast.com\/product\/yoast-seo-wordpress\/ -->\n<title>Pastrim Hotelerie | Hotele Restorante Bar-Kafe | Bee Clean<\/title>\n<meta name=\"description\" content=\"Ofrojm\u00eb sh\u00ebrbime pastrimi ne industrin\u00eb e hoteleris\u00eb horeca. Pastrimi \u00ebsht\u00eb nj\u00eb pjes\u00eb thelb\u00ebsore e prezantimit dhe suksesit t\u00eb biznesit tuaj.\" \/>\n<meta name=\"robots\" content=\"index, follow, max-snippet:-1, max-image-preview:large, max-video-preview:-1\" \/>\n<link rel=\"canonical\" href=\"https:\/\/beeclean.al\/en\/hospitality-cleaning\/\" \/>\n<meta property=\"og:locale\" content=\"en_GB\" \/>\n<meta property=\"og:type\" content=\"article\" \/>\n<meta property=\"og:title\" content=\"Pastrim Hotelerie | Hotele Restorante Bar-Kafe | Bee Clean\" \/>\n<meta property=\"og:description\" content=\"Ofrojm\u00eb sh\u00ebrbime pastrimi ne industrin\u00eb e hoteleris\u00eb horeca. Pastrimi \u00ebsht\u00eb nj\u00eb pjes\u00eb thelb\u00ebsore e prezantimit dhe suksesit t\u00eb biznesit tuaj.\" \/>\n<meta property=\"og:url\" content=\"https:\/\/beeclean.al\/en\/hospitality-cleaning\/\" \/>\n<meta property=\"og:site_name\" content=\"Bee Clean\" \/>\n<meta property=\"article:modified_time\" content=\"2023-02-24T15:54:22+00:00\" \/>\n<meta property=\"og:image\" content=\"https:\/\/beeclean.al\/wp-content\/uploads\/2023\/02\/bee-03.webp\" \/>\n\t<meta property=\"og:image:width\" content=\"1024\" \/>\n\t<meta property=\"og:image:height\" content=\"512\" \/>\n\t<meta property=\"og:image:type\" content=\"image\/webp\" \/>\n<meta name=\"twitter:card\" content=\"summary_large_image\" \/>\n<meta name=\"twitter:label1\" content=\"Estimated reading time\" \/>\n\t<meta name=\"twitter:data1\" content=\"1 minute\" \/>\n<script type=\"application\/ld+json\" class=\"yoast-schema-graph\">{\"@context\":\"https:\/\/schema.org\",\"@graph\":[{\"@type\":\"WebPage\",\"@id\":\"https:\/\/beeclean.al\/pastrim-hotelerie\/\",\"url\":\"https:\/\/beeclean.al\/pastrim-hotelerie\/\",\"name\":\"Pastrim Hotelerie | Hotele Restorante Bar-Kafe | Bee Clean\",\"isPartOf\":{\"@id\":\"https:\/\/beeclean.al\/#website\"},\"primaryImageOfPage\":{\"@id\":\"https:\/\/beeclean.al\/pastrim-hotelerie\/#primaryimage\"},\"image\":{\"@id\":\"https:\/\/beeclean.al\/pastrim-hotelerie\/#primaryimage\"},\"thumbnailUrl\":\"https:\/\/beeclean.al\/wp-content\/uploads\/2023\/02\/bee-03.webp\",\"datePublished\":\"2016-06-02T17:22:09+00:00\",\"dateModified\":\"2023-02-24T15:54:22+00:00\",\"description\":\"Ofrojm\u00eb sh\u00ebrbime pastrimi ne industrin\u00eb e hoteleris\u00eb horeca. Pastrimi \u00ebsht\u00eb nj\u00eb pjes\u00eb thelb\u00ebsore e prezantimit dhe suksesit t\u00eb biznesit tuaj.\",\"breadcrumb\":{\"@id\":\"https:\/\/beeclean.al\/pastrim-hotelerie\/#breadcrumb\"},\"inLanguage\":\"en-GB\",\"potentialAction\":[{\"@type\":\"ReadAction\",\"target\":[\"https:\/\/beeclean.al\/pastrim-hotelerie\/\"]}]},{\"@type\":\"ImageObject\",\"inLanguage\":\"en-GB\",\"@id\":\"https:\/\/beeclean.al\/pastrim-hotelerie\/#primaryimage\",\"url\":\"https:\/\/beeclean.al\/wp-content\/uploads\/2023\/02\/bee-03.webp\",\"contentUrl\":\"https:\/\/beeclean.al\/wp-content\/uploads\/2023\/02\/bee-03.webp\",\"width\":1024,\"height\":512,\"caption\":\"Pastrim Hotelerie\"},{\"@type\":\"BreadcrumbList\",\"@id\":\"https:\/\/beeclean.al\/pastrim-hotelerie\/#breadcrumb\",\"itemListElement\":[{\"@type\":\"ListItem\",\"position\":1,\"name\":\"Home\",\"item\":\"https:\/\/beeclean.al\/\"},{\"@type\":\"ListItem\",\"position\":2,\"name\":\"Pastrim Hotelerie\"}]},{\"@type\":\"WebSite\",\"@id\":\"https:\/\/beeclean.al\/#website\",\"url\":\"https:\/\/beeclean.al\/\",\"name\":\"BeeClean\",\"description\":\"A clean home, a clear mind - Let us handle the mess\",\"publisher\":{\"@id\":\"https:\/\/beeclean.al\/#organization\"},\"potentialAction\":[{\"@type\":\"SearchAction\",\"target\":{\"@type\":\"EntryPoint\",\"urlTemplate\":\"https:\/\/beeclean.al\/?s={search_term_string}\"},\"query-input\":{\"@type\":\"PropertyValueSpecification\",\"valueRequired\":true,\"valueName\":\"search_term_string\"}}],\"inLanguage\":\"en-GB\"},{\"@type\":\"Organization\",\"@id\":\"https:\/\/beeclean.al\/#organization\",\"name\":\"BeeClean\",\"url\":\"https:\/\/beeclean.al\/\",\"logo\":{\"@type\":\"ImageObject\",\"inLanguage\":\"en-GB\",\"@id\":\"https:\/\/beeclean.al\/#\/schema\/logo\/image\/\",\"url\":\"https:\/\/beeclean.al\/wp-content\/uploads\/2023\/01\/bee-clean-svg-01-4.svg\",\"contentUrl\":\"https:\/\/beeclean.al\/wp-content\/uploads\/2023\/01\/bee-clean-svg-01-4.svg\",\"width\":750,\"height\":323,\"caption\":\"BeeClean\"},\"image\":{\"@id\":\"https:\/\/beeclean.al\/#\/schema\/logo\/image\/\"}}]}<\/script>\n<!-- \/ Yoast SEO plugin. -->","yoast_head_json":{"title":"Hospitality Cleaning | Hotels Restaurants Bars | Bee Clean","description":"In the hospitality industry, cleaning is a essential part to the success of your operations allowing you to present a welcoming atmosphere.","robots":{"index":"index","follow":"follow","max-snippet":"max-snippet:-1","max-image-preview":"max-image-preview:large","max-video-preview":"max-video-preview:-1"},"canonical":"https:\/\/beeclean.al\/en\/hospitality-cleaning\/","og_locale":"en_GB","og_type":"article","og_title":"Pastrim Hotelerie | Hotele Restorante Bar-Kafe | Bee Clean","og_description":"Ofrojm\u00eb sh\u00ebrbime pastrimi ne industrin\u00eb e hoteleris\u00eb horeca. Pastrimi \u00ebsht\u00eb nj\u00eb pjes\u00eb thelb\u00ebsore e prezantimit dhe suksesit t\u00eb biznesit tuaj.","og_url":"https:\/\/beeclean.al\/en\/hospitality-cleaning\/","og_site_name":"Bee Clean","article_modified_time":"2023-02-24T15:54:22+00:00","og_image":[{"width":1024,"height":512,"url":"https:\/\/beeclean.al\/wp-content\/uploads\/2023\/02\/bee-03.webp","type":"image\/webp"}],"twitter_card":"summary_large_image","twitter_misc":{"Estimated reading time":"1 minute"},"schema":{"@context":"https:\/\/schema.org","@graph":[{"@type":"WebPage","@id":"https:\/\/beeclean.al\/pastrim-hotelerie\/","url":"https:\/\/beeclean.al\/pastrim-hotelerie\/","name":"Hospitality Cleaning | Hotels Restaurants Bars | Bee Clean","isPartOf":{"@id":"https:\/\/beeclean.al\/#website"},"primaryImageOfPage":{"@id":"https:\/\/beeclean.al\/pastrim-hotelerie\/#primaryimage"},"image":{"@id":"https:\/\/beeclean.al\/pastrim-hotelerie\/#primaryimage"},"thumbnailUrl":"https:\/\/beeclean.al\/wp-content\/uploads\/2023\/02\/bee-03.webp","datePublished":"2016-06-02T17:22:09+00:00","dateModified":"2023-02-24T15:54:22+00:00","description":"In the hospitality industry, cleaning is a essential part to the success of your operations allowing you to present a welcoming atmosphere.","breadcrumb":{"@id":"https:\/\/beeclean.al\/pastrim-hotelerie\/#breadcrumb"},"inLanguage":"en-GB","potentialAction":[{"@type":"ReadAction","target":["https:\/\/beeclean.al\/pastrim-hotelerie\/"]}]},{"@type":"ImageObject","inLanguage":"en-GB","@id":"https:\/\/beeclean.al\/pastrim-hotelerie\/#primaryimage","url":"https:\/\/beeclean.al\/wp-content\/uploads\/2023\/02\/bee-03.webp","contentUrl":"https:\/\/beeclean.al\/wp-content\/uploads\/2023\/02\/bee-03.webp","width":1024,"height":512,"caption":"Pastrim Hotelerie"},{"@type":"BreadcrumbList","@id":"https:\/\/beeclean.al\/pastrim-hotelerie\/#breadcrumb","itemListElement":[{"@type":"ListItem","position":1,"name":"Home","item":"https:\/\/beeclean.al\/"},{"@type":"ListItem","position":2,"name":"Pastrim Hotelerie"}]},{"@type":"WebSite","@id":"https:\/\/beeclean.al\/#website","url":"https:\/\/beeclean.al\/","name":"BeeClean","description":"A clean home, a clear mind - Let us handle the mess","publisher":{"@id":"https:\/\/beeclean.al\/#organization"},"potentialAction":[{"@type":"SearchAction","target":{"@type":"EntryPoint","urlTemplate":"https:\/\/beeclean.al\/?s={search_term_string}"},"query-input":{"@type":"PropertyValueSpecification","valueRequired":true,"valueName":"search_term_string"}}],"inLanguage":"en-GB"},{"@type":"Organization","@id":"https:\/\/beeclean.al\/#organization","name":"BeeClean","url":"https:\/\/beeclean.al\/","logo":{"@type":"ImageObject","inLanguage":"en-GB","@id":"https:\/\/beeclean.al\/#\/schema\/logo\/image\/","url":"https:\/\/beeclean.al\/wp-content\/uploads\/2023\/01\/bee-clean-svg-01-4.svg","contentUrl":"https:\/\/beeclean.al\/wp-content\/uploads\/2023\/01\/bee-clean-svg-01-4.svg","width":750,"height":323,"caption":"BeeClean"},"image":{"@id":"https:\/\/beeclean.al\/#\/schema\/logo\/image\/"}}]}},"_hostinger_reach_plugin_has_subscription_block":false,"_hostinger_reach_plugin_is_elementor":false,"_links":{"self":[{"href":"https:\/\/beeclean.al\/en\/wp-json\/wp\/v2\/pages\/798","targetHints":{"allow":["GET"]}}],"collection":[{"href":"https:\/\/beeclean.al\/en\/wp-json\/wp\/v2\/pages"}],"about":[{"href":"https:\/\/beeclean.al\/en\/wp-json\/wp\/v2\/types\/page"}],"author":[{"embeddable":true,"href":"https:\/\/beeclean.al\/en\/wp-json\/wp\/v2\/users\/1"}],"replies":[{"embeddable":true,"href":"https:\/\/beeclean.al\/en\/wp-json\/wp\/v2\/comments?post=798"}],"version-history":[{"count":0,"href":"https:\/\/beeclean.al\/en\/wp-json\/wp\/v2\/pages\/798\/revisions"}],"wp:featuredmedia":[{"embeddable":true,"href":"https:\/\/beeclean.al\/en\/wp-json\/wp\/v2\/media\/13591"}],"wp:attachment":[{"href":"https:\/\/beeclean.al\/en\/wp-json\/wp\/v2\/media?parent=798"}],"curies":[{"name":"wp","href":"https:\/\/api.w.org\/{rel}","templated":true}]}}