{"id":796,"date":"2016-06-02T17:21:21","date_gmt":"2016-06-02T17:21:21","guid":{"rendered":"http:\/\/qt.dev\/dev\/thecleaner\/?page_id=796"},"modified":"2023-02-28T12:37:13","modified_gmt":"2023-02-28T12:37:13","slug":"pastrim-apartamentesh","status":"publish","type":"page","link":"https:\/\/beeclean.al\/en\/apartment-cleaning\/","title":{"rendered":"Pastrim Apartamentesh"},"content":{"rendered":"<section class=\"wpb-content-wrapper\"><div class=\"vc_row wpb_row vc_row-fluid vc_custom_1536592564918\"><div class=\"wpb_column vc_column_container vc_col-sm-6\"><div class=\"vc_column-inner\"><div class=\"wpb_wrapper\">\n\t<div class=\"wpb_text_column wpb_content_element  vc_custom_1677251287299\" >\n\t\t<div class=\"wpb_wrapper\">\n\t\t\t<h2>Nuk ka asgj\u00eb m\u00eb t\u00eb mir\u00eb se t\u00eb ktheheni n\u00eb nj\u00eb sht\u00ebpi t\u00eb past\u00ebr<\/h2>\n<p>Ne ofrojm\u00eb nj\u00eb zgjidhje gjith\u00ebp\u00ebrfshir\u00ebse pastrimi p\u00ebr sht\u00ebpit\u00eb, duke p\u00ebrfshir\u00eb pastrimin e kuzhin\u00ebs, divaneve dhe dyshemeve. P\u00ebr m\u00eb tep\u00ebr kryejm\u00eb detyra si larja e en\u00ebve, fshirja e tavaneve, pastrimi i sob\u00ebs dhe frigoriferit, pastrimi i pluhurit, pastrimi i mobiljeve dhe pastrimi i dyshemeve. Duke marr\u00eb sh\u00ebrbimin ton\u00eb t\u00eb pastrimit t\u00eb apartamenteve, ju sigurojm\u00eb q\u00eb sht\u00ebpia juaj do t\u00eb mbahet past\u00ebr, pa pasur nevoj\u00eb t\u00eb shpenzoni or\u00eb t\u00eb t\u00ebra vet\u00eb p\u00ebr t\u00eb pastruar. Kjo jo vet\u00ebm q\u00eb kursen koh\u00eb, por gjithashtu ndihmon n\u00eb ruajtjen e nj\u00eb mjedisi jetese t\u00eb sh\u00ebndetsh\u00ebm dhe higjienik.<\/p>\n\n\t\t<\/div>\n\t<\/div>\n\n\t<div class=\"wpb_text_column wpb_content_element \" >\n\t\t<div class=\"wpb_wrapper\">\n\t\t\t<p><strong><span style=\"color: #00adbf;\">[icon type=&#8221;fas fa-check&#8221;]<\/span> T\u00eb specializuar p\u00ebr pastrimin e divaneve<\/strong><br \/>\nNe kemi mjetet e duhura p\u00ebr ta b\u00ebr\u00eb divanin tuaj t\u00eb duket s\u00ebrish i ri.<\/p>\n<p><strong><span style=\"color: #00adbf;\">[icon type=&#8221;fas fa-check&#8221;]<\/span> Kuzhina dhe Banja<\/strong><br \/>\nEkipi yn\u00eb sigurohet q\u00eb t\u00eb l\u00ebr\u00eb nj\u00eb kuzhin\u00eb dhe banj\u00eb t\u00eb past\u00ebr dhe pa njolla. Ne e dim\u00eb r\u00ebnd\u00ebsin\u00eb e nj\u00eb kuzhine dhe banjoje higjenike.<\/p>\n<p><strong><span style=\"color: #00adbf;\">[icon type=&#8221;fas fa-check&#8221;]\u00a0<\/span> Sh\u00ebrbimet p\u00ebr heqjen e njollave dhe bojrave<br \/>\n<\/strong>Elminim i njollave nga sip\u00ebrfaqe t\u00eb ndryshme duke p\u00ebrdorur kimikate dhe formula speciale<\/p>\n\n\t\t<\/div>\n\t<\/div>\n<\/div><\/div><\/div><div class=\"wpb_column vc_column_container vc_col-sm-6\"><div class=\"vc_column-inner\"><div class=\"wpb_wrapper\">\n\t<div  class=\"wpb_single_image wpb_content_element vc_align_center\">\n\t\t\n\t\t<figure class=\"wpb_wrapper vc_figure\">\n\t\t\t<div class=\"vc_single_image-wrapper   vc_box_border_grey\"><img loading=\"lazy\" decoding=\"async\" width=\"768\" height=\"1024\" src=\"https:\/\/beeclean.al\/wp-content\/uploads\/2023\/02\/shtepi.webp\" class=\"vc_single_image-img attachment-full\" alt=\"sherbime pastrimi tirane\" title=\"shtepi\" srcset=\"https:\/\/beeclean.al\/wp-content\/uploads\/2023\/02\/shtepi.webp 768w, https:\/\/beeclean.al\/wp-content\/uploads\/2023\/02\/shtepi-225x300.webp 225w, https:\/\/beeclean.al\/wp-content\/uploads\/2023\/02\/shtepi-9x12.webp 9w\" sizes=\"auto, (max-width: 768px) 100vw, 768px\" \/><\/div>\n\t\t<\/figure>\n\t<\/div>\n<div class=\"twentytwenty-wrapper twentytwenty-horizontal\">\n    <div class=\"before-after-slider \">\n        <img loading=\"lazy\" decoding=\"async\" width=\"768\" height=\"1024\" src=\"https:\/\/beeclean.al\/wp-content\/uploads\/2023\/02\/before_1-768x1024.webp\" class=\"attachment-large\" alt=\"Pastrim Shtepiash\" title=\"\" \/><img loading=\"lazy\" decoding=\"async\" width=\"768\" height=\"1024\" src=\"https:\/\/beeclean.al\/wp-content\/uploads\/2023\/02\/after_1.webp\" class=\"attachment-large\" alt=\"Pastrim Apartamenti\" title=\"after_1\" \/>        <div class=\"twentytwenty-overlay\">\n            <div class=\"twentytwenty-before-label\" data-content=\"Para\"><\/div>\n            <div class=\"twentytwenty-after-label\" data-content=\"Pas\"><\/div>\n        <\/div>\n        <div class=\"twentytwenty-handle\"><\/div>\n    <\/div>\n<\/div><\/div><\/div><\/div><\/div><div class=\"vc_row wpb_row vc_row-fluid vc_custom_1536592566897\"><div class=\"wpb_column vc_column_container vc_col-sm-12\"><div class=\"vc_column-inner\"><div class=\"wpb_wrapper\">\n\t<div  class=\"wpb_single_image wpb_content_element vc_align_left  vc_custom_1536181451988\">\n\t\t\n\t\t<figure class=\"wpb_wrapper vc_figure\">\n\t\t\t<div class=\"vc_single_image-wrapper   vc_box_border_grey\"><\/div>\n\t\t<\/figure>\n\t<\/div>\n<\/div><\/div><\/div><\/div><div class=\"vc_row wpb_row vc_row-fluid\"><div class=\"wpb_column vc_column_container vc_col-sm-12\"><div class=\"vc_column-inner\"><div class=\"wpb_wrapper\">\n\t<div class=\"wpb_text_column wpb_content_element  vc_custom_1677251349124\" >\n\t\t<div class=\"wpb_wrapper\">\n\t\t\t<h2>K\u00ebrko nj\u00eb Telefonat\u00eb<\/h2>\n\n\t\t<\/div>\n\t<\/div>\n<\/div><\/div><\/div><\/div><div class=\"vc_row wpb_row vc_row-fluid vc_custom_1536592571395 vc_row-has-fill\"><div class=\"wpb_column vc_column_container vc_col-sm-12\"><div class=\"vc_column-inner vc_custom_1494255877376\"><div class=\"wpb_wrapper\">\n<div class=\"wpcf7 no-js\" id=\"wpcf7-f1650-o1\" lang=\"en-US\" dir=\"ltr\" data-wpcf7-id=\"1650\">\n<div class=\"screen-reader-response\"><p role=\"status\" aria-live=\"polite\" aria-atomic=\"true\"><\/p> <ul><\/ul><\/div>\n<form action=\"\/en\/wp-json\/wp\/v2\/pages\/796#wpcf7-f1650-o1\" method=\"post\" class=\"wpcf7-form init\" aria-label=\"Contact form\" novalidate=\"novalidate\" data-status=\"init\">\n<fieldset class=\"hidden-fields-container\"><input type=\"hidden\" name=\"_wpcf7\" value=\"1650\" \/><input type=\"hidden\" name=\"_wpcf7_version\" value=\"6.1.5\" \/><input type=\"hidden\" name=\"_wpcf7_locale\" value=\"en_US\" \/><input type=\"hidden\" name=\"_wpcf7_unit_tag\" value=\"wpcf7-f1650-o1\" \/><input type=\"hidden\" name=\"_wpcf7_container_post\" value=\"0\" \/><input type=\"hidden\" name=\"_wpcf7_posted_data_hash\" value=\"\" \/><input type=\"hidden\" name=\"_wpcf7_recaptcha_response\" value=\"\" \/>\n<\/fieldset>\n<div class=\"call-back\">\n\t<div class=\"row\">\n\t\t<div class=\"col-sm-12 col-lg-6\">\n\t\t\t<p><span class=\"wpcf7-form-control-wrap\" data-name=\"your-name\"><input size=\"40\" maxlength=\"400\" class=\"wpcf7-form-control wpcf7-text wpcf7-validates-as-required\" aria-required=\"true\" aria-invalid=\"false\" placeholder=\"Emri\" value=\"\" type=\"text\" name=\"your-name\" \/><\/span>\n\t\t\t<\/p>\n\t\t<\/div>\n\t\t<div class=\"col-sm-12 col-lg-6\">\n\t\t\t<p><span class=\"wpcf7-form-control-wrap\" data-name=\"services\"><select class=\"wpcf7-form-control wpcf7-select wpcf7-validates-as-required\" aria-required=\"true\" aria-invalid=\"false\" name=\"services\"><option value=\"Pastrim Sht\u00ebpie\/Apartamenti\">Pastrim Sht\u00ebpie\/Apartamenti<\/option><option value=\"Pastrim Zyrash\">Pastrim Zyrash<\/option><option value=\"Pastrim Hotelerie\">Pastrim Hotelerie<\/option><option value=\"Pastrime pas Rinovimeve\">Pastrime pas Rinovimeve<\/option><option value=\"Pastrim Magazinash\">Pastrim Magazinash<\/option><option value=\"Pastrim i Xhamave\">Pastrim i Xhamave<\/option><option value=\"Tjet\u00ebr..\">Tjet\u00ebr..<\/option><\/select><\/span>\n\t\t\t<\/p>\n\t\t<\/div>\n\t<\/div>\n\t<div class=\"row\">\n\t\t<div class=\"col-sm-12 col-lg-6\">\n\t\t\t<p><span class=\"wpcf7-form-control-wrap\" data-name=\"your-phone\"><input size=\"40\" maxlength=\"400\" class=\"wpcf7-form-control wpcf7-tel wpcf7-text wpcf7-validates-as-tel\" aria-invalid=\"false\" placeholder=\"Numri i Telefonit\" value=\"\" type=\"tel\" name=\"your-phone\" \/><\/span>\n\t\t\t<\/p>\n\t\t<\/div>\n\t\t<div class=\"col-sm-12 col-lg-6\">\n\t\t\t<p><input class=\"wpcf7-form-control wpcf7-submit has-spinner\" type=\"submit\" value=\"D\u00ebrgo\" \/>\n\t\t\t<\/p>\n\t\t<\/div>\n\t<\/div>\n<\/div><div class=\"wpcf7-response-output\" aria-hidden=\"true\"><\/div>\n<\/form>\n<\/div>\n<\/div><\/div><\/div><\/div>\n<\/section>","protected":false},"excerpt":{"rendered":"<p>We offer a comprehensive cleaning solution for homes, including tasks such as washing dishes, mopping floors and cleaning all the furniture<\/p>","protected":false},"author":1,"featured_media":13589,"parent":0,"menu_order":0,"comment_status":"closed","ping_status":"closed","template":"","meta":{"inline_featured_image":false,"footnotes":""},"class_list":["post-796","page","type-page","status-publish","has-post-thumbnail","hentry"],"yoast_head":"<!-- This site is optimized with the Yoast SEO plugin v27.2 - https:\/\/yoast.com\/product\/yoast-seo-wordpress\/ -->\n<title>Pastrim Apartamentesh Nga Profesionist\u00eb Pastrimi | Bee Clean<\/title>\n<meta name=\"description\" content=\"Ne ofrojm\u00eb zgjidhje pastrimi p\u00ebr sht\u00ebpit\u00eb, duke p\u00ebrfshir\u00eb larjeb e en\u00ebve, pastrimin e dyshemeve dhe pastrimin e t\u00eb gjitha mobiljeve.\" \/>\n<meta name=\"robots\" content=\"index, follow, max-snippet:-1, max-image-preview:large, max-video-preview:-1\" \/>\n<link rel=\"canonical\" href=\"https:\/\/beeclean.al\/en\/apartment-cleaning\/\" \/>\n<meta property=\"og:locale\" content=\"en_GB\" \/>\n<meta property=\"og:type\" content=\"article\" \/>\n<meta property=\"og:title\" content=\"Pastrim Apartamentesh Nga Profesionist\u00eb Pastrimi | Bee Clean\" \/>\n<meta property=\"og:description\" content=\"Ne ofrojm\u00eb zgjidhje pastrimi p\u00ebr sht\u00ebpit\u00eb, duke p\u00ebrfshir\u00eb larjeb e en\u00ebve, pastrimin e dyshemeve dhe pastrimin e t\u00eb gjitha mobiljeve.\" \/>\n<meta property=\"og:url\" content=\"https:\/\/beeclean.al\/en\/apartment-cleaning\/\" \/>\n<meta property=\"og:site_name\" content=\"Bee Clean\" \/>\n<meta property=\"article:modified_time\" content=\"2023-02-28T12:37:13+00:00\" \/>\n<meta property=\"og:image\" content=\"https:\/\/beeclean.al\/wp-content\/uploads\/2023\/02\/bee-8.webp\" \/>\n\t<meta property=\"og:image:width\" content=\"1024\" \/>\n\t<meta property=\"og:image:height\" content=\"513\" \/>\n\t<meta property=\"og:image:type\" content=\"image\/webp\" \/>\n<meta name=\"twitter:card\" content=\"summary_large_image\" \/>\n<meta name=\"twitter:label1\" content=\"Estimated reading time\" \/>\n\t<meta name=\"twitter:data1\" content=\"2 minutes\" \/>\n<script type=\"application\/ld+json\" class=\"yoast-schema-graph\">{\"@context\":\"https:\/\/schema.org\",\"@graph\":[{\"@type\":\"WebPage\",\"@id\":\"https:\/\/beeclean.al\/pastrim-apartamentesh\/\",\"url\":\"https:\/\/beeclean.al\/pastrim-apartamentesh\/\",\"name\":\"Pastrim Apartamentesh Nga Profesionist\u00eb Pastrimi | Bee Clean\",\"isPartOf\":{\"@id\":\"https:\/\/beeclean.al\/#website\"},\"primaryImageOfPage\":{\"@id\":\"https:\/\/beeclean.al\/pastrim-apartamentesh\/#primaryimage\"},\"image\":{\"@id\":\"https:\/\/beeclean.al\/pastrim-apartamentesh\/#primaryimage\"},\"thumbnailUrl\":\"https:\/\/beeclean.al\/wp-content\/uploads\/2023\/02\/bee-8.webp\",\"datePublished\":\"2016-06-02T17:21:21+00:00\",\"dateModified\":\"2023-02-28T12:37:13+00:00\",\"description\":\"Ne ofrojm\u00eb zgjidhje pastrimi p\u00ebr sht\u00ebpit\u00eb, duke p\u00ebrfshir\u00eb larjeb e en\u00ebve, pastrimin e dyshemeve dhe pastrimin e t\u00eb gjitha mobiljeve.\",\"breadcrumb\":{\"@id\":\"https:\/\/beeclean.al\/pastrim-apartamentesh\/#breadcrumb\"},\"inLanguage\":\"en-GB\",\"potentialAction\":[{\"@type\":\"ReadAction\",\"target\":[\"https:\/\/beeclean.al\/pastrim-apartamentesh\/\"]}]},{\"@type\":\"ImageObject\",\"inLanguage\":\"en-GB\",\"@id\":\"https:\/\/beeclean.al\/pastrim-apartamentesh\/#primaryimage\",\"url\":\"https:\/\/beeclean.al\/wp-content\/uploads\/2023\/02\/bee-8.webp\",\"contentUrl\":\"https:\/\/beeclean.al\/wp-content\/uploads\/2023\/02\/bee-8.webp\",\"width\":1024,\"height\":513},{\"@type\":\"BreadcrumbList\",\"@id\":\"https:\/\/beeclean.al\/pastrim-apartamentesh\/#breadcrumb\",\"itemListElement\":[{\"@type\":\"ListItem\",\"position\":1,\"name\":\"Home\",\"item\":\"https:\/\/beeclean.al\/\"},{\"@type\":\"ListItem\",\"position\":2,\"name\":\"Pastrim Apartamentesh\"}]},{\"@type\":\"WebSite\",\"@id\":\"https:\/\/beeclean.al\/#website\",\"url\":\"https:\/\/beeclean.al\/\",\"name\":\"BeeClean\",\"description\":\"A clean home, a clear mind - Let us handle the mess\",\"publisher\":{\"@id\":\"https:\/\/beeclean.al\/#organization\"},\"potentialAction\":[{\"@type\":\"SearchAction\",\"target\":{\"@type\":\"EntryPoint\",\"urlTemplate\":\"https:\/\/beeclean.al\/?s={search_term_string}\"},\"query-input\":{\"@type\":\"PropertyValueSpecification\",\"valueRequired\":true,\"valueName\":\"search_term_string\"}}],\"inLanguage\":\"en-GB\"},{\"@type\":\"Organization\",\"@id\":\"https:\/\/beeclean.al\/#organization\",\"name\":\"BeeClean\",\"url\":\"https:\/\/beeclean.al\/\",\"logo\":{\"@type\":\"ImageObject\",\"inLanguage\":\"en-GB\",\"@id\":\"https:\/\/beeclean.al\/#\/schema\/logo\/image\/\",\"url\":\"https:\/\/beeclean.al\/wp-content\/uploads\/2023\/01\/bee-clean-svg-01-4.svg\",\"contentUrl\":\"https:\/\/beeclean.al\/wp-content\/uploads\/2023\/01\/bee-clean-svg-01-4.svg\",\"width\":750,\"height\":323,\"caption\":\"BeeClean\"},\"image\":{\"@id\":\"https:\/\/beeclean.al\/#\/schema\/logo\/image\/\"}}]}<\/script>\n<!-- \/ Yoast SEO plugin. -->","yoast_head_json":{"title":"Apartment Cleaning By Professionals | Bee Clean","description":"We offer a comprehensive cleaning solution for homes, including tasks such as washing dishes, mopping floors and cleaning all the furniture","robots":{"index":"index","follow":"follow","max-snippet":"max-snippet:-1","max-image-preview":"max-image-preview:large","max-video-preview":"max-video-preview:-1"},"canonical":"https:\/\/beeclean.al\/en\/apartment-cleaning\/","og_locale":"en_GB","og_type":"article","og_title":"Pastrim Apartamentesh Nga Profesionist\u00eb Pastrimi | Bee Clean","og_description":"Ne ofrojm\u00eb zgjidhje pastrimi p\u00ebr sht\u00ebpit\u00eb, duke p\u00ebrfshir\u00eb larjeb e en\u00ebve, pastrimin e dyshemeve dhe pastrimin e t\u00eb gjitha mobiljeve.","og_url":"https:\/\/beeclean.al\/en\/apartment-cleaning\/","og_site_name":"Bee Clean","article_modified_time":"2023-02-28T12:37:13+00:00","og_image":[{"width":1024,"height":513,"url":"https:\/\/beeclean.al\/wp-content\/uploads\/2023\/02\/bee-8.webp","type":"image\/webp"}],"twitter_card":"summary_large_image","twitter_misc":{"Estimated reading time":"2 minutes"},"schema":{"@context":"https:\/\/schema.org","@graph":[{"@type":"WebPage","@id":"https:\/\/beeclean.al\/pastrim-apartamentesh\/","url":"https:\/\/beeclean.al\/pastrim-apartamentesh\/","name":"Apartment Cleaning By Professionals | Bee Clean","isPartOf":{"@id":"https:\/\/beeclean.al\/#website"},"primaryImageOfPage":{"@id":"https:\/\/beeclean.al\/pastrim-apartamentesh\/#primaryimage"},"image":{"@id":"https:\/\/beeclean.al\/pastrim-apartamentesh\/#primaryimage"},"thumbnailUrl":"https:\/\/beeclean.al\/wp-content\/uploads\/2023\/02\/bee-8.webp","datePublished":"2016-06-02T17:21:21+00:00","dateModified":"2023-02-28T12:37:13+00:00","description":"We offer a comprehensive cleaning solution for homes, including tasks such as washing dishes, mopping floors and cleaning all the furniture","breadcrumb":{"@id":"https:\/\/beeclean.al\/pastrim-apartamentesh\/#breadcrumb"},"inLanguage":"en-GB","potentialAction":[{"@type":"ReadAction","target":["https:\/\/beeclean.al\/pastrim-apartamentesh\/"]}]},{"@type":"ImageObject","inLanguage":"en-GB","@id":"https:\/\/beeclean.al\/pastrim-apartamentesh\/#primaryimage","url":"https:\/\/beeclean.al\/wp-content\/uploads\/2023\/02\/bee-8.webp","contentUrl":"https:\/\/beeclean.al\/wp-content\/uploads\/2023\/02\/bee-8.webp","width":1024,"height":513},{"@type":"BreadcrumbList","@id":"https:\/\/beeclean.al\/pastrim-apartamentesh\/#breadcrumb","itemListElement":[{"@type":"ListItem","position":1,"name":"Home","item":"https:\/\/beeclean.al\/"},{"@type":"ListItem","position":2,"name":"Pastrim Apartamentesh"}]},{"@type":"WebSite","@id":"https:\/\/beeclean.al\/#website","url":"https:\/\/beeclean.al\/","name":"BeeClean","description":"A clean home, a clear mind - Let us handle the mess","publisher":{"@id":"https:\/\/beeclean.al\/#organization"},"potentialAction":[{"@type":"SearchAction","target":{"@type":"EntryPoint","urlTemplate":"https:\/\/beeclean.al\/?s={search_term_string}"},"query-input":{"@type":"PropertyValueSpecification","valueRequired":true,"valueName":"search_term_string"}}],"inLanguage":"en-GB"},{"@type":"Organization","@id":"https:\/\/beeclean.al\/#organization","name":"BeeClean","url":"https:\/\/beeclean.al\/","logo":{"@type":"ImageObject","inLanguage":"en-GB","@id":"https:\/\/beeclean.al\/#\/schema\/logo\/image\/","url":"https:\/\/beeclean.al\/wp-content\/uploads\/2023\/01\/bee-clean-svg-01-4.svg","contentUrl":"https:\/\/beeclean.al\/wp-content\/uploads\/2023\/01\/bee-clean-svg-01-4.svg","width":750,"height":323,"caption":"BeeClean"},"image":{"@id":"https:\/\/beeclean.al\/#\/schema\/logo\/image\/"}}]}},"_hostinger_reach_plugin_has_subscription_block":false,"_hostinger_reach_plugin_is_elementor":false,"_links":{"self":[{"href":"https:\/\/beeclean.al\/en\/wp-json\/wp\/v2\/pages\/796","targetHints":{"allow":["GET"]}}],"collection":[{"href":"https:\/\/beeclean.al\/en\/wp-json\/wp\/v2\/pages"}],"about":[{"href":"https:\/\/beeclean.al\/en\/wp-json\/wp\/v2\/types\/page"}],"author":[{"embeddable":true,"href":"https:\/\/beeclean.al\/en\/wp-json\/wp\/v2\/users\/1"}],"replies":[{"embeddable":true,"href":"https:\/\/beeclean.al\/en\/wp-json\/wp\/v2\/comments?post=796"}],"version-history":[{"count":0,"href":"https:\/\/beeclean.al\/en\/wp-json\/wp\/v2\/pages\/796\/revisions"}],"wp:featuredmedia":[{"embeddable":true,"href":"https:\/\/beeclean.al\/en\/wp-json\/wp\/v2\/media\/13589"}],"wp:attachment":[{"href":"https:\/\/beeclean.al\/en\/wp-json\/wp\/v2\/media?parent=796"}],"curies":[{"name":"wp","href":"https:\/\/api.w.org\/{rel}","templated":true}]}}