{"id":13325,"date":"2023-02-01T15:44:11","date_gmt":"2023-02-01T15:44:11","guid":{"rendered":"https:\/\/beeclean.al\/?page_id=13325"},"modified":"2023-02-28T13:14:42","modified_gmt":"2023-02-28T13:14:42","slug":"sherbime-dezinfektimi","status":"publish","type":"page","link":"https:\/\/beeclean.al\/en\/ddd-services\/","title":{"rendered":"DDD"},"content":{"rendered":"<section class=\"wpb-content-wrapper\"><div class=\"vc_row wpb_row vc_row-fluid vc_custom_1677255820040\"><div class=\"wpb_column vc_column_container vc_col-sm-6\"><div class=\"vc_column-inner\"><div class=\"wpb_wrapper\">\n\t<div class=\"wpb_text_column wpb_content_element  vc_custom_1677255860989\" >\n\t\t<div class=\"wpb_wrapper\">\n\t\t\t<h2>Sh\u00ebrbime Dezinfektimi<\/h2>\n<p>Dezinfektimi, dezinsektimi dhe deratizimi (i njohur kolektivisht si &#8220;DDD&#8221;) i referohen proceseve t\u00eb eliminimit t\u00eb patogjen\u00ebve t\u00eb d\u00ebmsh\u00ebm, insekteve dhe brejt\u00ebsve nga nj\u00eb mjedis i caktuar. Kjo \u00ebsht\u00eb e r\u00ebnd\u00ebsishme p\u00ebr ruajtjen e nj\u00eb mjedisi t\u00eb sh\u00ebndetsh\u00ebm dhe higjienik, si dhe p\u00ebr parandalimin e p\u00ebrhapjes s\u00eb s\u00ebmundjeve. Dezinfektimi p\u00ebrfshin p\u00ebrdorimin e kimikateve ose agjent\u00ebve t\u00eb tjer\u00eb p\u00ebr t\u00eb vrar\u00eb viruset, bakteret dhe patogjen\u00ebt e tjer\u00eb n\u00eb sip\u00ebrfaqe dhe n\u00eb aj\u00ebr. Dezinsektimi p\u00ebrfshin eliminimin e insekteve, si mushkonjat dhe mizat, nd\u00ebrsa deratizimi p\u00ebrfshin eliminimin e minjve dhe brejt\u00ebsve t\u00eb tjer\u00eb. T\u00eb tre proceset jan\u00eb thelb\u00ebsore p\u00ebr t\u00eb siguruar nj\u00eb mjedis jetese ose pune t\u00eb past\u00ebr, t\u00eb sigurt dhe t\u00eb sh\u00ebndetsh\u00ebm.<\/p>\n\n\t\t<\/div>\n\t<\/div>\n\n\t<div class=\"wpb_text_column wpb_content_element \" >\n\t\t<div class=\"wpb_wrapper\">\n\t\t\t<p><span style=\"color: #00adbf;\">[icon type=&#8221;fas fa-check&#8221;]<\/span> Dezinfektimi<br \/>\nNe vrasim viruset, bakteret dhe patogjen\u00ebt e tjer\u00eb t\u00eb d\u00ebmsh\u00ebm n\u00eb sip\u00ebrfaqe dhe n\u00eb aj\u00ebr n\u00eb mjedisin tuaj p\u00ebr t\u00eb mbajtur nj\u00eb hap\u00ebsir\u00eb \u200b\u200bjetese ose pune t\u00eb past\u00ebr dhe t\u00eb sh\u00ebndetshme..<\/p>\n<p><span style=\"color: #00adbf;\">[icon type=&#8221;fas fa-check&#8221;]<\/span> Dezinsektimi<br \/>\nNe eliminojm\u00eb insektet, si mushkonjat dhe mizat, nga hap\u00ebsira juaj e banimit ose e pun\u00ebs.<\/p>\n<p><span style=\"color: #00adbf;\">[icon type=&#8221;fas fa-check&#8221;]<\/span> Deratizimi<br \/>\nNe eliminojm\u00eb minjt\u00eb dhe brejt\u00ebsit e t\u00eb gjitha llojeve nga ambjenti juaj.<\/p>\n\n\t\t<\/div>\n\t<\/div>\n<\/div><\/div><\/div><div class=\"wpb_column vc_column_container vc_col-sm-6\"><div class=\"vc_column-inner\"><div class=\"wpb_wrapper\">\n\t<div  class=\"wpb_single_image wpb_content_element vc_align_center\">\n\t\t\n\t\t<figure class=\"wpb_wrapper vc_figure\">\n\t\t\t<div class=\"vc_single_image-wrapper   vc_box_border_grey\"><img loading=\"lazy\" decoding=\"async\" width=\"1200\" height=\"1600\" src=\"https:\/\/beeclean.al\/wp-content\/uploads\/2023\/02\/deez.webp\" class=\"vc_single_image-img attachment-full\" alt=\"deratizim\" title=\"deez\" srcset=\"https:\/\/beeclean.al\/wp-content\/uploads\/2023\/02\/deez.webp 1200w, https:\/\/beeclean.al\/wp-content\/uploads\/2023\/02\/deez-225x300.webp 225w, https:\/\/beeclean.al\/wp-content\/uploads\/2023\/02\/deez-768x1024.webp 768w, https:\/\/beeclean.al\/wp-content\/uploads\/2023\/02\/deez-1152x1536.webp 1152w, https:\/\/beeclean.al\/wp-content\/uploads\/2023\/02\/deez-9x12.webp 9w\" sizes=\"auto, (max-width: 1200px) 100vw, 1200px\" \/><\/div>\n\t\t<\/figure>\n\t<\/div>\n\n\t<div  class=\"wpb_single_image wpb_content_element vc_align_center\">\n\t\t\n\t\t<figure class=\"wpb_wrapper vc_figure\">\n\t\t\t<div class=\"vc_single_image-wrapper   vc_box_border_grey\"><img loading=\"lazy\" decoding=\"async\" width=\"1200\" height=\"1600\" src=\"https:\/\/beeclean.al\/wp-content\/uploads\/2023\/02\/ddd-1-1.webp\" class=\"vc_single_image-img attachment-full\" alt=\"Dezinfektim\" title=\"ddd-1 (1)\" srcset=\"https:\/\/beeclean.al\/wp-content\/uploads\/2023\/02\/ddd-1-1.webp 1200w, https:\/\/beeclean.al\/wp-content\/uploads\/2023\/02\/ddd-1-1-225x300.webp 225w, https:\/\/beeclean.al\/wp-content\/uploads\/2023\/02\/ddd-1-1-768x1024.webp 768w, https:\/\/beeclean.al\/wp-content\/uploads\/2023\/02\/ddd-1-1-1152x1536.webp 1152w, https:\/\/beeclean.al\/wp-content\/uploads\/2023\/02\/ddd-1-1-9x12.webp 9w\" sizes=\"auto, (max-width: 1200px) 100vw, 1200px\" \/><\/div>\n\t\t<\/figure>\n\t<\/div>\n<\/div><\/div><\/div><\/div><div class=\"vc_row wpb_row vc_row-fluid vc_custom_1536592606318\"><div class=\"wpb_column vc_column_container vc_col-sm-12\"><div class=\"vc_column-inner\"><div class=\"wpb_wrapper\">\n\t<div  class=\"wpb_single_image wpb_content_element vc_align_left  vc_custom_1536592603019\">\n\t\t\n\t\t<figure class=\"wpb_wrapper vc_figure\">\n\t\t\t<div class=\"vc_single_image-wrapper   vc_box_border_grey\"><\/div>\n\t\t<\/figure>\n\t<\/div>\n<\/div><\/div><\/div><\/div><div class=\"vc_row wpb_row vc_row-fluid\"><div class=\"wpb_column vc_column_container vc_col-sm-12\"><div class=\"vc_column-inner\"><div class=\"wpb_wrapper\">\n\t<div class=\"wpb_text_column wpb_content_element  vc_custom_1677255953518\" >\n\t\t<div class=\"wpb_wrapper\">\n\t\t\t<h1>K\u00ebrko nj\u00eb Telefonat\u00eb<\/h1>\n\n\t\t<\/div>\n\t<\/div>\n<\/div><\/div><\/div><\/div><div class=\"vc_row wpb_row vc_row-fluid vc_custom_1536592610826 vc_row-has-fill\"><div class=\"wpb_column vc_column_container vc_col-sm-12\"><div class=\"vc_column-inner vc_custom_1494255877376\"><div class=\"wpb_wrapper\">\n<div class=\"wpcf7 no-js\" id=\"wpcf7-f1650-o1\" lang=\"en-US\" dir=\"ltr\" data-wpcf7-id=\"1650\">\n<div class=\"screen-reader-response\"><p role=\"status\" aria-live=\"polite\" aria-atomic=\"true\"><\/p> <ul><\/ul><\/div>\n<form action=\"\/en\/wp-json\/wp\/v2\/pages\/13325#wpcf7-f1650-o1\" method=\"post\" class=\"wpcf7-form init\" aria-label=\"Contact form\" novalidate=\"novalidate\" data-status=\"init\">\n<fieldset class=\"hidden-fields-container\"><input type=\"hidden\" name=\"_wpcf7\" value=\"1650\" \/><input type=\"hidden\" name=\"_wpcf7_version\" value=\"6.1.5\" \/><input type=\"hidden\" name=\"_wpcf7_locale\" value=\"en_US\" \/><input type=\"hidden\" name=\"_wpcf7_unit_tag\" value=\"wpcf7-f1650-o1\" \/><input type=\"hidden\" name=\"_wpcf7_container_post\" value=\"0\" \/><input type=\"hidden\" name=\"_wpcf7_posted_data_hash\" value=\"\" \/><input type=\"hidden\" name=\"_wpcf7_recaptcha_response\" value=\"\" \/>\n<\/fieldset>\n<div class=\"call-back\">\n\t<div class=\"row\">\n\t\t<div class=\"col-sm-12 col-lg-6\">\n\t\t\t<p><span class=\"wpcf7-form-control-wrap\" data-name=\"your-name\"><input size=\"40\" maxlength=\"400\" class=\"wpcf7-form-control wpcf7-text wpcf7-validates-as-required\" aria-required=\"true\" aria-invalid=\"false\" placeholder=\"Emri\" value=\"\" type=\"text\" name=\"your-name\" \/><\/span>\n\t\t\t<\/p>\n\t\t<\/div>\n\t\t<div class=\"col-sm-12 col-lg-6\">\n\t\t\t<p><span class=\"wpcf7-form-control-wrap\" data-name=\"services\"><select class=\"wpcf7-form-control wpcf7-select wpcf7-validates-as-required\" aria-required=\"true\" aria-invalid=\"false\" name=\"services\"><option value=\"Pastrim Sht\u00ebpie\/Apartamenti\">Pastrim Sht\u00ebpie\/Apartamenti<\/option><option value=\"Pastrim Zyrash\">Pastrim Zyrash<\/option><option value=\"Pastrim Hotelerie\">Pastrim Hotelerie<\/option><option value=\"Pastrime pas Rinovimeve\">Pastrime pas Rinovimeve<\/option><option value=\"Pastrim Magazinash\">Pastrim Magazinash<\/option><option value=\"Pastrim i Xhamave\">Pastrim i Xhamave<\/option><option value=\"Tjet\u00ebr..\">Tjet\u00ebr..<\/option><\/select><\/span>\n\t\t\t<\/p>\n\t\t<\/div>\n\t<\/div>\n\t<div class=\"row\">\n\t\t<div class=\"col-sm-12 col-lg-6\">\n\t\t\t<p><span class=\"wpcf7-form-control-wrap\" data-name=\"your-phone\"><input size=\"40\" maxlength=\"400\" class=\"wpcf7-form-control wpcf7-tel wpcf7-text wpcf7-validates-as-tel\" aria-invalid=\"false\" placeholder=\"Numri i Telefonit\" value=\"\" type=\"tel\" name=\"your-phone\" \/><\/span>\n\t\t\t<\/p>\n\t\t<\/div>\n\t\t<div class=\"col-sm-12 col-lg-6\">\n\t\t\t<p><input class=\"wpcf7-form-control wpcf7-submit has-spinner\" type=\"submit\" value=\"D\u00ebrgo\" \/>\n\t\t\t<\/p>\n\t\t<\/div>\n\t<\/div>\n<\/div><div class=\"wpcf7-response-output\" aria-hidden=\"true\"><\/div>\n<\/form>\n<\/div>\n<\/div><\/div><\/div><\/div>\n<\/section>","protected":false},"excerpt":{"rendered":"Sh\u00ebrbime Dezinfektimi Dezinfektimi, dezinsektimi dhe deratizimi (i njohur kolektivisht si \"DDD\") i referohen proceseve t\u00eb eliminimit t\u00eb patogjen\u00ebve t\u00eb d\u00ebmsh\u00ebm, insekteve dhe brejt\u00ebsve nga nj\u00eb mjedis i caktuar. Kjo \u00ebsht\u00eb e r\u00ebnd\u00ebsishme p\u00ebr ruajtjen e nj\u00eb mjedisi t\u00eb sh\u00ebndetsh\u00ebm dhe higjienik, si dhe p\u00ebr parandalimin e p\u00ebrhapjes s\u00eb s\u00ebmundjeve. Dezinfektimi p\u00ebrfshin p\u00ebrdorimin e kimikateve ose&hellip;","protected":false},"author":1,"featured_media":13645,"parent":0,"menu_order":0,"comment_status":"closed","ping_status":"closed","template":"","meta":{"inline_featured_image":false,"footnotes":""},"class_list":["post-13325","page","type-page","status-publish","has-post-thumbnail","hentry"],"yoast_head":"<!-- This site is optimized with the Yoast SEO plugin v27.2 - https:\/\/yoast.com\/product\/yoast-seo-wordpress\/ -->\n<title>Sh\u00ebrbime Dezinfektimi, Dezinsektimi dhe Deratizimi | Bee Clean<\/title>\n<meta name=\"description\" content=\"Ne vrasim viruset, bakteret dhe patogjen\u00ebt e tjer\u00eb t\u00eb d\u00ebmsh\u00ebm n\u00eb sip\u00ebrfaqe dhe n\u00eb aj\u00ebr duke p\u00ebrdorur teknikat m\u00eb efektive t\u00eb dezinfektimit.\" \/>\n<meta name=\"robots\" content=\"index, follow, max-snippet:-1, max-image-preview:large, max-video-preview:-1\" \/>\n<link rel=\"canonical\" href=\"https:\/\/beeclean.al\/en\/ddd-services\/\" \/>\n<meta property=\"og:locale\" content=\"en_GB\" \/>\n<meta property=\"og:type\" content=\"article\" \/>\n<meta property=\"og:title\" content=\"Sh\u00ebrbime Dezinfektimi, Dezinsektimi dhe Deratizimi | Bee Clean\" \/>\n<meta property=\"og:description\" content=\"Ne vrasim viruset, bakteret dhe patogjen\u00ebt e tjer\u00eb t\u00eb d\u00ebmsh\u00ebm n\u00eb sip\u00ebrfaqe dhe n\u00eb aj\u00ebr duke p\u00ebrdorur teknikat m\u00eb efektive t\u00eb dezinfektimit.\" \/>\n<meta property=\"og:url\" content=\"https:\/\/beeclean.al\/en\/ddd-services\/\" \/>\n<meta property=\"og:site_name\" content=\"Bee Clean\" \/>\n<meta property=\"article:modified_time\" content=\"2023-02-28T13:14:42+00:00\" \/>\n<meta property=\"og:image\" content=\"https:\/\/beeclean.al\/wp-content\/uploads\/2023\/02\/ddd-1-1.webp\" \/>\n\t<meta property=\"og:image:width\" content=\"1200\" \/>\n\t<meta property=\"og:image:height\" content=\"1600\" \/>\n\t<meta property=\"og:image:type\" content=\"image\/webp\" \/>\n<meta name=\"twitter:card\" content=\"summary_large_image\" \/>\n<meta name=\"twitter:label1\" content=\"Estimated reading time\" \/>\n\t<meta name=\"twitter:data1\" content=\"2 minutes\" \/>\n<script type=\"application\/ld+json\" class=\"yoast-schema-graph\">{\"@context\":\"https:\/\/schema.org\",\"@graph\":[{\"@type\":\"WebPage\",\"@id\":\"https:\/\/beeclean.al\/sherbime-dezinfektimi\/\",\"url\":\"https:\/\/beeclean.al\/sherbime-dezinfektimi\/\",\"name\":\"Sh\u00ebrbime Dezinfektimi, Dezinsektimi dhe Deratizimi | Bee Clean\",\"isPartOf\":{\"@id\":\"https:\/\/beeclean.al\/#website\"},\"primaryImageOfPage\":{\"@id\":\"https:\/\/beeclean.al\/sherbime-dezinfektimi\/#primaryimage\"},\"image\":{\"@id\":\"https:\/\/beeclean.al\/sherbime-dezinfektimi\/#primaryimage\"},\"thumbnailUrl\":\"https:\/\/beeclean.al\/wp-content\/uploads\/2023\/02\/ddd-1-1.webp\",\"datePublished\":\"2023-02-01T15:44:11+00:00\",\"dateModified\":\"2023-02-28T13:14:42+00:00\",\"description\":\"Ne vrasim viruset, bakteret dhe patogjen\u00ebt e tjer\u00eb t\u00eb d\u00ebmsh\u00ebm n\u00eb sip\u00ebrfaqe dhe n\u00eb aj\u00ebr duke p\u00ebrdorur teknikat m\u00eb efektive t\u00eb dezinfektimit.\",\"breadcrumb\":{\"@id\":\"https:\/\/beeclean.al\/sherbime-dezinfektimi\/#breadcrumb\"},\"inLanguage\":\"en-GB\",\"potentialAction\":[{\"@type\":\"ReadAction\",\"target\":[\"https:\/\/beeclean.al\/sherbime-dezinfektimi\/\"]}]},{\"@type\":\"ImageObject\",\"inLanguage\":\"en-GB\",\"@id\":\"https:\/\/beeclean.al\/sherbime-dezinfektimi\/#primaryimage\",\"url\":\"https:\/\/beeclean.al\/wp-content\/uploads\/2023\/02\/ddd-1-1.webp\",\"contentUrl\":\"https:\/\/beeclean.al\/wp-content\/uploads\/2023\/02\/ddd-1-1.webp\",\"width\":1200,\"height\":1600,\"caption\":\"Dezinfektim\"},{\"@type\":\"BreadcrumbList\",\"@id\":\"https:\/\/beeclean.al\/sherbime-dezinfektimi\/#breadcrumb\",\"itemListElement\":[{\"@type\":\"ListItem\",\"position\":1,\"name\":\"Home\",\"item\":\"https:\/\/beeclean.al\/\"},{\"@type\":\"ListItem\",\"position\":2,\"name\":\"Sh\u00ebrbime Dezinfektimi\"}]},{\"@type\":\"WebSite\",\"@id\":\"https:\/\/beeclean.al\/#website\",\"url\":\"https:\/\/beeclean.al\/\",\"name\":\"BeeClean\",\"description\":\"A clean home, a clear mind - Let us handle the mess\",\"publisher\":{\"@id\":\"https:\/\/beeclean.al\/#organization\"},\"potentialAction\":[{\"@type\":\"SearchAction\",\"target\":{\"@type\":\"EntryPoint\",\"urlTemplate\":\"https:\/\/beeclean.al\/?s={search_term_string}\"},\"query-input\":{\"@type\":\"PropertyValueSpecification\",\"valueRequired\":true,\"valueName\":\"search_term_string\"}}],\"inLanguage\":\"en-GB\"},{\"@type\":\"Organization\",\"@id\":\"https:\/\/beeclean.al\/#organization\",\"name\":\"BeeClean\",\"url\":\"https:\/\/beeclean.al\/\",\"logo\":{\"@type\":\"ImageObject\",\"inLanguage\":\"en-GB\",\"@id\":\"https:\/\/beeclean.al\/#\/schema\/logo\/image\/\",\"url\":\"https:\/\/beeclean.al\/wp-content\/uploads\/2023\/01\/bee-clean-svg-01-4.svg\",\"contentUrl\":\"https:\/\/beeclean.al\/wp-content\/uploads\/2023\/01\/bee-clean-svg-01-4.svg\",\"width\":750,\"height\":323,\"caption\":\"BeeClean\"},\"image\":{\"@id\":\"https:\/\/beeclean.al\/#\/schema\/logo\/image\/\"}}]}<\/script>\n<!-- \/ Yoast SEO plugin. -->","yoast_head_json":{"title":"Disinfection, Disinsectization and Deratization | Bee Clean","description":"We kill viruses, bacteria, and other harmful pathogens on surfaces and in the air using most effective disinfection techniques.","robots":{"index":"index","follow":"follow","max-snippet":"max-snippet:-1","max-image-preview":"max-image-preview:large","max-video-preview":"max-video-preview:-1"},"canonical":"https:\/\/beeclean.al\/en\/ddd-services\/","og_locale":"en_GB","og_type":"article","og_title":"Sh\u00ebrbime Dezinfektimi, Dezinsektimi dhe Deratizimi | Bee Clean","og_description":"Ne vrasim viruset, bakteret dhe patogjen\u00ebt e tjer\u00eb t\u00eb d\u00ebmsh\u00ebm n\u00eb sip\u00ebrfaqe dhe n\u00eb aj\u00ebr duke p\u00ebrdorur teknikat m\u00eb efektive t\u00eb dezinfektimit.","og_url":"https:\/\/beeclean.al\/en\/ddd-services\/","og_site_name":"Bee Clean","article_modified_time":"2023-02-28T13:14:42+00:00","og_image":[{"width":1200,"height":1600,"url":"https:\/\/beeclean.al\/wp-content\/uploads\/2023\/02\/ddd-1-1.webp","type":"image\/webp"}],"twitter_card":"summary_large_image","twitter_misc":{"Estimated reading time":"2 minutes"},"schema":{"@context":"https:\/\/schema.org","@graph":[{"@type":"WebPage","@id":"https:\/\/beeclean.al\/sherbime-dezinfektimi\/","url":"https:\/\/beeclean.al\/sherbime-dezinfektimi\/","name":"Disinfection, Disinsectization and Deratization | Bee Clean","isPartOf":{"@id":"https:\/\/beeclean.al\/#website"},"primaryImageOfPage":{"@id":"https:\/\/beeclean.al\/sherbime-dezinfektimi\/#primaryimage"},"image":{"@id":"https:\/\/beeclean.al\/sherbime-dezinfektimi\/#primaryimage"},"thumbnailUrl":"https:\/\/beeclean.al\/wp-content\/uploads\/2023\/02\/ddd-1-1.webp","datePublished":"2023-02-01T15:44:11+00:00","dateModified":"2023-02-28T13:14:42+00:00","description":"We kill viruses, bacteria, and other harmful pathogens on surfaces and in the air using most effective disinfection techniques.","breadcrumb":{"@id":"https:\/\/beeclean.al\/sherbime-dezinfektimi\/#breadcrumb"},"inLanguage":"en-GB","potentialAction":[{"@type":"ReadAction","target":["https:\/\/beeclean.al\/sherbime-dezinfektimi\/"]}]},{"@type":"ImageObject","inLanguage":"en-GB","@id":"https:\/\/beeclean.al\/sherbime-dezinfektimi\/#primaryimage","url":"https:\/\/beeclean.al\/wp-content\/uploads\/2023\/02\/ddd-1-1.webp","contentUrl":"https:\/\/beeclean.al\/wp-content\/uploads\/2023\/02\/ddd-1-1.webp","width":1200,"height":1600,"caption":"Dezinfektim"},{"@type":"BreadcrumbList","@id":"https:\/\/beeclean.al\/sherbime-dezinfektimi\/#breadcrumb","itemListElement":[{"@type":"ListItem","position":1,"name":"Home","item":"https:\/\/beeclean.al\/"},{"@type":"ListItem","position":2,"name":"Sh\u00ebrbime Dezinfektimi"}]},{"@type":"WebSite","@id":"https:\/\/beeclean.al\/#website","url":"https:\/\/beeclean.al\/","name":"BeeClean","description":"A clean home, a clear mind - Let us handle the mess","publisher":{"@id":"https:\/\/beeclean.al\/#organization"},"potentialAction":[{"@type":"SearchAction","target":{"@type":"EntryPoint","urlTemplate":"https:\/\/beeclean.al\/?s={search_term_string}"},"query-input":{"@type":"PropertyValueSpecification","valueRequired":true,"valueName":"search_term_string"}}],"inLanguage":"en-GB"},{"@type":"Organization","@id":"https:\/\/beeclean.al\/#organization","name":"BeeClean","url":"https:\/\/beeclean.al\/","logo":{"@type":"ImageObject","inLanguage":"en-GB","@id":"https:\/\/beeclean.al\/#\/schema\/logo\/image\/","url":"https:\/\/beeclean.al\/wp-content\/uploads\/2023\/01\/bee-clean-svg-01-4.svg","contentUrl":"https:\/\/beeclean.al\/wp-content\/uploads\/2023\/01\/bee-clean-svg-01-4.svg","width":750,"height":323,"caption":"BeeClean"},"image":{"@id":"https:\/\/beeclean.al\/#\/schema\/logo\/image\/"}}]}},"_hostinger_reach_plugin_has_subscription_block":false,"_hostinger_reach_plugin_is_elementor":false,"_links":{"self":[{"href":"https:\/\/beeclean.al\/en\/wp-json\/wp\/v2\/pages\/13325","targetHints":{"allow":["GET"]}}],"collection":[{"href":"https:\/\/beeclean.al\/en\/wp-json\/wp\/v2\/pages"}],"about":[{"href":"https:\/\/beeclean.al\/en\/wp-json\/wp\/v2\/types\/page"}],"author":[{"embeddable":true,"href":"https:\/\/beeclean.al\/en\/wp-json\/wp\/v2\/users\/1"}],"replies":[{"embeddable":true,"href":"https:\/\/beeclean.al\/en\/wp-json\/wp\/v2\/comments?post=13325"}],"version-history":[{"count":0,"href":"https:\/\/beeclean.al\/en\/wp-json\/wp\/v2\/pages\/13325\/revisions"}],"wp:featuredmedia":[{"embeddable":true,"href":"https:\/\/beeclean.al\/en\/wp-json\/wp\/v2\/media\/13645"}],"wp:attachment":[{"href":"https:\/\/beeclean.al\/en\/wp-json\/wp\/v2\/media?parent=13325"}],"curies":[{"name":"wp","href":"https:\/\/api.w.org\/{rel}","templated":true}]}}